{"id":8224,"date":"2021-12-15T03:06:48","date_gmt":"2021-12-15T01:06:48","guid":{"rendered":"https:\/\/tvbox.md\/?post_type=product&#038;p=8224"},"modified":"2022-12-23T06:28:14","modified_gmt":"2022-12-23T04:28:14","slug":"xiaomi-tv-stick-4k-mdz-27-aa-pfj4122eu","status":"publish","type":"product","link":"https:\/\/tvbox.md\/ro\/cat\/xiaomi-tv-stick-4k-mdz-27-aa-pfj4122eu\/","title":{"rendered":"Xiaomi TV Stick 4K MDZ-27-AA (PFJ4122EU)"},"content":{"rendered":"<p><strong>Particularitati:<\/strong><\/p>\n<p>Rezolu\u021bia video maxim\u0103 este 4K Ultra HD (3840&#215;2160).<br \/>\n2 GB RAM 8 GB \u00eencorporat.<br \/>\nWi-Fi 802.11 a\/b\/g\/n\/ac de 2,4 GHz + 5 GHz cu band\u0103 dual\u0103<br \/>\nCPU: Amlogic S905Y4<br \/>\nGPU: Mali-G31 MP2<br \/>\nAndroid TV 11<br \/>\nBluetooth 5.2.<br \/>\nSunet stereo DTS \u0219i Dolby.<\/p>\n<p>Xiaomi TV Stick 4K poate fi folosit oric\u00e2nd \u0219i oriunde. F\u0103r\u0103 set\u0103ri complicate. Pur \u0219i simplu conecta\u021bi Xiaomi TV Stick 4K la orice televizor, monitor sau proiector cu un port HDMI pentru a-l transforma \u00eentr-un Smart TV.<\/p>\n<p>Mi TV Stick 4K cu Android TV 11 v\u0103 ofer\u0103 acces la peste 400.000 de filme pe platforme de streaming \u0219i la peste 7.000 de aplica\u021bii pe Google Play. Petrece timp \u00een compania personajelor tale preferate din film, g\u0103se\u0219te programe \u0219i spectacole interesante, c\u00e2nt\u0103 muzic\u0103 \u0219i joac\u0103 jocuri interesante. Datorit\u0103 unei interfe\u021be convenabile \u0219i intuitive \u0219i a Asistentului Google \u00eencorporat, pute\u021bi g\u0103si rapid con\u021binutul care v\u0103 intereseaz\u0103. Iar tehnologiile Dolby Atmos \u0219i Dolby Vision transform\u0103 fiecare vizionare \u00eentr-un eveniment luminos \u0219i de neuitat.<\/p>\n","protected":false},"excerpt":{"rendered":"<p>Xiaomi TV Stick 4K Smart TV Box este echipat cu 2 GB RAM, suport Bluetooth 5.0 \u0219i procesor Amlogic S905Y4 \u00eembun\u0103t\u0103\u021bit \u0219i GPU Arm Mali-G31 MP2. Xiaomi TV Stick 4K se conecteaz\u0103 la televizor printr-un port HDMI \u0219i are un conector pentru un cablu de alimentare micro-USB. Func\u021bioneaz\u0103 pe platforma Android TV 11. Avantajele noii casete TV Xiaomi sunt dimensiuni compacte, sistem de operare u\u0219or de utilizat, certificare Google, Netflix licen\u021biat \u0219i suport pentru control vocal.<\/p>\n","protected":false},"featured_media":7801,"template":"","meta":[],"product_brand":[],"product_cat":[180],"product_tag":[287,297,318],"class_list":{"0":"post-8224","1":"product","2":"type-product","3":"status-publish","4":"has-post-thumbnail","6":"product_cat-mediaplayere","7":"product_tag-mediaplayere","8":"product_tag-set-top-box","9":"product_tag-xiaomi-2","11":"first","12":"onbackorder","13":"shipping-taxable","14":"product-type-simple"},"aioseo_notices":[],"_links":{"self":[{"href":"https:\/\/tvbox.md\/ro\/wp-json\/wp\/v2\/product\/8224","targetHints":{"allow":["GET"]}}],"collection":[{"href":"https:\/\/tvbox.md\/ro\/wp-json\/wp\/v2\/product"}],"about":[{"href":"https:\/\/tvbox.md\/ro\/wp-json\/wp\/v2\/types\/product"}],"wp:featuredmedia":[{"embeddable":true,"href":"https:\/\/tvbox.md\/ro\/wp-json\/wp\/v2\/media\/7801"}],"wp:attachment":[{"href":"https:\/\/tvbox.md\/ro\/wp-json\/wp\/v2\/media?parent=8224"}],"wp:term":[{"taxonomy":"product_brand","embeddable":true,"href":"https:\/\/tvbox.md\/ro\/wp-json\/wp\/v2\/product_brand?post=8224"},{"taxonomy":"product_cat","embeddable":true,"href":"https:\/\/tvbox.md\/ro\/wp-json\/wp\/v2\/product_cat?post=8224"},{"taxonomy":"product_tag","embeddable":true,"href":"https:\/\/tvbox.md\/ro\/wp-json\/wp\/v2\/product_tag?post=8224"}],"curies":[{"name":"wp","href":"https:\/\/api.w.org\/{rel}","templated":true}]}}