{"id":8200,"date":"2021-12-23T06:16:06","date_gmt":"2021-12-23T04:16:06","guid":{"rendered":"https:\/\/tvbox.md\/?post_type=product&#038;p=8200"},"modified":"2022-12-23T06:35:52","modified_gmt":"2022-12-23T04:35:52","slug":"x96-x6-4-32gb-2","status":"publish","type":"product","link":"https:\/\/tvbox.md\/ro\/cat\/x96-x6-4-32gb-2\/","title":{"rendered":"X96 X6 4\/32GB"},"content":{"rendered":"<p>Majoritatea boxelor smart tv de la X96 au folosit cipuri de siliciu de la Amlogic, dar aceast\u0103 versiune de performan\u021b\u0103 folose\u0219te un procesor de la Rockchip \u0219i anume RK3566. Acest procesor are 4 nuclee fizice cu performan\u021be ridicate. Cortex-A55 are o vitez\u0103 de ceas de 1,8 GHz, \u00een plus, nucleul grafic Mali G52 este integrat \u00een procesor, ceea ce permite utilizatorului s\u0103 vizualizeze videoclipuri 4k la o rat\u0103 de cadre de 60 FPS f\u0103r\u0103 \u00eenghe\u021bari sau probleme. Dac\u0103 sunte\u021bi un cunosc\u0103tor al vizionarii videoclipurilor la rezolu\u021bie ultra-\u00eenalt\u0103, cutia TV inteligent\u0103 X96 X6 v\u0103 va putea mul\u021bumi cu capacitatea de a reda videoclipuri la rezolu\u021bie 8k cu o rat\u0103 de cadre de 30FPS, ceea ce este un indicator destul de ridicat.<\/p>\n<p>RAM este o caracteristic\u0103 distinctiv\u0103 a acestui dispozitiv, sunt disponibile 3 configura\u021bii pentru 2, 4 \u0219i 8 gigaocte\u021bi de RAM. 8 GB de RAM este una dintre cele mai mari din industrie, cu o astfel de marj\u0103 pute\u021bi juca jocuri solicitante, aplica\u021bii pentru serviciu, precum \u0219i \u00eenc\u0103rca\u021bi un smart TV box \u00een modul multitasking. Pentru a stoca fi\u0219iere \u0219i aplica\u021bii pentru lucru, cutia Android este echipat\u0103 cu o unitate de 64 de gigaocte\u021bi. Dac\u0103 spa\u021biul de stocare \u00eencorporat nu este suficient pentru dvs., pute\u021bi instala suplimentar un card de memorie de p\u00e2n\u0103 la 128 de gigaocte\u021bi, extinz\u00e2nd astfel semnificativ volumul.<\/p>\n<p>Sistemul de operare Android 11 se caracterizeaz\u0103 prin vitez\u0103 mare, suport pentru toate aplica\u021biile moderne de la PlayMarket, precum \u0219i prezen\u021ba mai multor codecuri \u0219i alte tehnologii care \u00eembun\u0103t\u0103\u021besc redarea video.<\/p>\n<p><strong>Ce se poate conecta la smart tv box X96 X6<\/strong><\/p>\n<p>Aceast\u0103 cutie smart TV are un set complet de porturi care v\u0103 vor permite s\u0103 conecta\u021bi aproape orice periferice \u0219i alte dispozitive.<\/p>\n<p>Conectorii USB 2.0 v\u0103 permit s\u0103 conecta\u021bi diverse periferice &#8211; telecomenzi, \u0219oareci, tastaturi, c\u0103\u0219ti \u0219i alte dispozitive.<br \/>\nVersiunea USB 3.0 este recomandat\u0103 pentru utilizarea cu unit\u0103\u021bi externe, deoarece are o vitez\u0103 mare de transfer de fi\u0219iere.<br \/>\nPortul optic este folosit pentru a conecta echipamente audio de \u00eenalt\u0103 calitate, ceea ce v\u0103 va permite s\u0103 recrea\u021bi atmosfera unui cinema cu sunet de \u00eenalt\u0103 calitate acas\u0103.<br \/>\nPortul LAN este proiectat pentru a conecta Internet prin cablu cu o l\u0103\u021bime de band\u0103 de p\u00e2n\u0103 la 1 Gbps.<br \/>\nDC este conectorul pentru conectarea adaptorului de alimentare.<br \/>\nHDMI &#8211; un port pentru conectarea unei casete TV la un televizor, monitor, proiector sau orice alt dispozitiv.<\/p>\n","protected":false},"excerpt":{"rendered":"<p>Set-top box Smart TV X96 X6 &#8211; a devenit o continuare a liniei legendare de set-top box-uri smart TV productive la un pre\u021b accesibil! Principala diferen\u021b\u0103 a acestei casete smart tv este c\u0103 are 8 gigaocte\u021bi de memorie RAM, ceea ce este o cifr\u0103 record pe care 99% dintre casetele TV \u0219i chiar televizoarele inteligente nu o pot egala.<\/p>\n","protected":false},"featured_media":7872,"template":"","meta":[],"product_brand":[],"product_cat":[180],"product_tag":[287,300,297,301,317,255],"class_list":{"0":"post-8200","1":"product","2":"type-product","3":"status-publish","4":"has-post-thumbnail","6":"product_cat-mediaplayere","7":"product_tag-mediaplayere","8":"product_tag-mediaplayere-2","9":"product_tag-set-top-box","10":"product_tag-set-top-box-2","11":"product_tag-x96-2","12":"product_tag-x96","14":"first","15":"onbackorder","16":"shipping-taxable","17":"product-type-simple"},"aioseo_notices":[],"_links":{"self":[{"href":"https:\/\/tvbox.md\/ro\/wp-json\/wp\/v2\/product\/8200","targetHints":{"allow":["GET"]}}],"collection":[{"href":"https:\/\/tvbox.md\/ro\/wp-json\/wp\/v2\/product"}],"about":[{"href":"https:\/\/tvbox.md\/ro\/wp-json\/wp\/v2\/types\/product"}],"wp:featuredmedia":[{"embeddable":true,"href":"https:\/\/tvbox.md\/ro\/wp-json\/wp\/v2\/media\/7872"}],"wp:attachment":[{"href":"https:\/\/tvbox.md\/ro\/wp-json\/wp\/v2\/media?parent=8200"}],"wp:term":[{"taxonomy":"product_brand","embeddable":true,"href":"https:\/\/tvbox.md\/ro\/wp-json\/wp\/v2\/product_brand?post=8200"},{"taxonomy":"product_cat","embeddable":true,"href":"https:\/\/tvbox.md\/ro\/wp-json\/wp\/v2\/product_cat?post=8200"},{"taxonomy":"product_tag","embeddable":true,"href":"https:\/\/tvbox.md\/ro\/wp-json\/wp\/v2\/product_tag?post=8200"}],"curies":[{"name":"wp","href":"https:\/\/api.w.org\/{rel}","templated":true}]}}