{"id":8192,"date":"2021-12-15T03:38:26","date_gmt":"2021-12-15T01:38:26","guid":{"rendered":"https:\/\/tvbox.md\/?post_type=product&#038;p=8192"},"modified":"2022-12-23T06:13:40","modified_gmt":"2022-12-23T04:13:40","slug":"x96-mini-plus-s905w4-2-16gb","status":"publish","type":"product","link":"https:\/\/tvbox.md\/ro\/cat\/x96-mini-plus-s905w4-2-16gb\/","title":{"rendered":"X96 Mini Plus S905W4 2\/16GB"},"content":{"rendered":"<p>Procesorul S905W4 de la Amlogic are \u0219i suport HDR10, ceea ce \u00eenseamn\u0103 c\u0103 pute\u021bi viziona un film cu o gam\u0103 larg\u0103 de culori (nuan\u021b\u0103 profund\u0103), mul\u021bi cinefili pasiona\u021bi apreciaz\u0103 \u00een special aceast\u0103 tehnologie la televizoarele inteligente.<br \/>\nSistemul de operare este Android 9.0, func\u021bioneaz\u0103 stabil. Un shell grafic proprietar este instalat deasupra Androidului, ceea ce simplific\u0103 lucrul pe ecranul mare prin adaptarea interfe\u021bei.<br \/>\nPe fe\u021bele laterale ale playerului media exist\u0103 un set complet de porturi necesare pentru conectarea tuturor tipurilor de comunica\u021bii \u0219i periferice.<br \/>\nDintre modulele wireless, \u00een primul r\u00e2nd, merit\u0103 eviden\u021biat Bluetooth 5.0, care v\u0103 va permite s\u0103 conecta\u021bi c\u0103\u0219ti, \u0219oareci \u0219i alte periferice. Exist\u0103, de asemenea, un modul Wi-Fi dual-band, care demonstreaz\u0103 o vitez\u0103 bun\u0103 at\u00e2t la 2,4, c\u00e2t \u0219i la 5 GHz.<br \/>\nPachetul include tot ce ave\u021bi nevoie pentru a \u00eencepe: un adaptor de alimentare, un cablu HDMI (pentru conectarea la un televizor), instruc\u021biuni \u0219i o telecomand\u0103. V\u0103 recomand\u0103m \u00eenlocuirea acesteia din urm\u0103 cu o telecomand\u0103 inteligent\u0103 sau un mouse cu aer, care v\u0103 va permite s\u0103 interac\u021biona\u021bi cu set-top box-ul cu o mare comoditate.<\/p>\n<p><strong>Specifica\u021bii:<\/strong><\/p>\n<p>Ie\u0219ire optic\u0103 pentru redare audio de \u00eenalt\u0103 calitate.<br \/>\nHDMI digital pentru conectarea la televizoare \u0219i monitoare noi<br \/>\nLAN 100 megabi\u021bi pentru utilizatorii care prefer\u0103 o conexiune la Internet prin cablu<br \/>\n2 USB 2.0 la care pute\u021bi conecta telecomenzi, mouse-uri de aer, hard disk-uri \u0219i unit\u0103\u021bi externe, difuzoare etc.<br \/>\nSlot pentru card TF<br \/>\nDC &#8211; conector pentru alimentare<br \/>\nMaterial: plastic<br \/>\nCuloare neagra<br \/>\nProcesor: Amlogic S905W4<br \/>\nRAM: 2 GB<br \/>\nMemorie \u00eencorporat\u0103: 16 GB<br \/>\nWi-Fi: 2,4 \u0219i 5 GHz<br \/>\nBluetooth: Nu<br \/>\nPlaca video: Mali 450<br \/>\nNum\u0103r de nuclee: 4 nuclee<br \/>\nDisponibilitate afi\u0219are: Da<br \/>\nIe\u0219ire AV analogic\u0103: Da<br \/>\nSistem de operare: Android 9.0<\/p>\n","protected":false},"excerpt":{"rendered":"<p>Cutia TV Amlogic <strong>X96 Mini Plus<\/strong> este echipat\u0103 cu procesorul Amlogic S905W4, care este o nou\u0103 versiune a cipul de siliciu. Acest procesor are 4 nuclee Cortex A53 cu drepturi depline, fiecare dintre ele func\u021bion\u00e2nd la o frecven\u021b\u0103 de ceas de 1,2 GHz. Nucleul grafic Mali-450 MP este \u00eencorporat, avantajul s\u0103u cheie este c\u0103 accept\u0103 redarea con\u021binutului video 4K la o rat\u0103 de cadre de 30 FPS.<\/p>\n","protected":false},"featured_media":7866,"template":"","meta":[],"product_brand":[],"product_cat":[180],"product_tag":[287,297,317],"class_list":{"0":"post-8192","1":"product","2":"type-product","3":"status-publish","4":"has-post-thumbnail","6":"product_cat-mediaplayere","7":"product_tag-mediaplayere","8":"product_tag-set-top-box","9":"product_tag-x96-2","11":"first","12":"onbackorder","13":"shipping-taxable","14":"product-type-simple"},"aioseo_notices":[],"_links":{"self":[{"href":"https:\/\/tvbox.md\/ro\/wp-json\/wp\/v2\/product\/8192","targetHints":{"allow":["GET"]}}],"collection":[{"href":"https:\/\/tvbox.md\/ro\/wp-json\/wp\/v2\/product"}],"about":[{"href":"https:\/\/tvbox.md\/ro\/wp-json\/wp\/v2\/types\/product"}],"wp:featuredmedia":[{"embeddable":true,"href":"https:\/\/tvbox.md\/ro\/wp-json\/wp\/v2\/media\/7866"}],"wp:attachment":[{"href":"https:\/\/tvbox.md\/ro\/wp-json\/wp\/v2\/media?parent=8192"}],"wp:term":[{"taxonomy":"product_brand","embeddable":true,"href":"https:\/\/tvbox.md\/ro\/wp-json\/wp\/v2\/product_brand?post=8192"},{"taxonomy":"product_cat","embeddable":true,"href":"https:\/\/tvbox.md\/ro\/wp-json\/wp\/v2\/product_cat?post=8192"},{"taxonomy":"product_tag","embeddable":true,"href":"https:\/\/tvbox.md\/ro\/wp-json\/wp\/v2\/product_tag?post=8192"}],"curies":[{"name":"wp","href":"https:\/\/api.w.org\/{rel}","templated":true}]}}