{"id":8183,"date":"2021-12-15T03:46:02","date_gmt":"2021-12-15T01:46:02","guid":{"rendered":"https:\/\/tvbox.md\/?post_type=product&#038;p=8183"},"modified":"2022-12-23T06:10:57","modified_gmt":"2022-12-23T04:10:57","slug":"t95-h616-4-64-gb","status":"publish","type":"product","link":"https:\/\/tvbox.md\/ro\/cat\/t95-h616-4-64-gb\/","title":{"rendered":"T95 H616 4\/64 GB"},"content":{"rendered":"<p>Carcasa noului model T95 H616 are un aspect original, designul a devenit luminos si poate decora orice interior. Set-top box-ul a primit un procesor Allwinner actualizat &#8211; H616 Quad-Core 64bit, asociat cu procesorul este Noul GPU Mali G31 MP2 cu noul OpenGL 3.2, face cea mai bun\u0103 treab\u0103 cu video la calitate maxim\u0103 6K. De asemenea, \u00een noua versiune a set-top box-ului T95 H616, este instalat un modul WIFI cu dubl\u0103 frecven\u021b\u0103 (2,4 \u0219i 5 GHz).<br \/>\nSet-top box-ul are p\u00e2n\u0103 la 2 porturi USB, ceea ce v\u0103 permite s\u0103 conecta\u021bi multe dispozitive \u0219i accesorii de la ter\u021bi (\u0219oarece aero, joystick-uri, USB Flash, unit\u0103\u021bi HDD).<br \/>\nDe asemenea, acest model are o ie\u0219ire AV pentru conectarea televizoarelor de genera\u021bie veche, la care pute\u021bi conecta un set-top box folosind un cablu RCA (lalea) -mini Jack 3.5.<br \/>\nAceast\u0103 versiune a dispozitivului cu capacitatea maxim\u0103 de memorie disponibil\u0103 &#8211; RAM &#8211; 4 GB, memorie intern\u0103 (Flash) &#8211; 64 GB.<\/p>\n<p>De asemenea, acest model difer\u0103 de altele din aceast\u0103 categorie de pre\u021b &#8211; este prezen\u021ba unui modul Bluetooth din noua genera\u021bie 5.0, care face posibil\u0103 conectarea c\u0103\u0219tilor, joystick-urilor, tastaturii \u0219i a oric\u0103ror alte dispozitive cu un modul Bluetooth la setul Bluetooth- top box.<\/p>\n<p>U\u0219urin\u021b\u0103 de administrare, acces la orice servicii Google (Play Market, You Tube etc.), re\u021bele sociale, navigare pe internet prin orice browser (Chrome, Opera etc.), posibilitatea de a instala jocuri &#8211; toate acestea sunt disponibile pe acest media juc\u0103tor.<\/p>\n<p>Prime\u0219ti de la noi un set-top box cu browsere, servicii de vizionare a sute de canale TV online (Megogo, YouTV, SweetTv, Divan Tv etc.) deja preconfigurate de magazinul nostru \u00een limba rus\u0103, cinematografe online instalate, cataloage cu filme , emisiuni TV, desene animate, Youtube, Play Market \u0219i multe altele de la renumite servicii de internet.<\/p>\n<p><strong>Echipament:<\/strong><\/p>\n<p>1. Prefix T95 4\/64 GB.<br \/>\n2. Telecomanda IR.<br \/>\n3. Alimentare UE (pentru prizele noastre).<br \/>\n4. Cablu HDMI.<br \/>\n5. Manual de utilizare (englez\u0103)<br \/>\n6. Card de garan\u021bie<\/p>\n","protected":false},"excerpt":{"rendered":"<p>T95 H616 este un player media de nou\u0103 genera\u021bie bazat pe cel mai recent procesor puternic de la Allwinner &#8211; H616 Quad-Core 64bit \u0219i bazat pe binecunoscuta arhitectur\u0103 Cortex-A53. Acest procesor este asociat cu noul GPU Mali G31 MP2 cu noul OpenGL 3.2. Set-top box Android TV T95 ruleaz\u0103 pe cel mai de succes sistem de operare Android 10, deschide toate posibilit\u0103\u021bile nesf\u00e2r\u0219ite ale internetului pe orice televizor.<\/p>\n","protected":false},"featured_media":7852,"template":"","meta":[],"product_brand":[],"product_cat":[180],"product_tag":[287,297,288],"class_list":{"0":"post-8183","1":"product","2":"type-product","3":"status-publish","4":"has-post-thumbnail","6":"product_cat-mediaplayere","7":"product_tag-mediaplayere","8":"product_tag-set-top-box","9":"product_tag-t95-2","11":"first","12":"onbackorder","13":"shipping-taxable","14":"product-type-simple"},"aioseo_notices":[],"_links":{"self":[{"href":"https:\/\/tvbox.md\/ro\/wp-json\/wp\/v2\/product\/8183","targetHints":{"allow":["GET"]}}],"collection":[{"href":"https:\/\/tvbox.md\/ro\/wp-json\/wp\/v2\/product"}],"about":[{"href":"https:\/\/tvbox.md\/ro\/wp-json\/wp\/v2\/types\/product"}],"wp:featuredmedia":[{"embeddable":true,"href":"https:\/\/tvbox.md\/ro\/wp-json\/wp\/v2\/media\/7852"}],"wp:attachment":[{"href":"https:\/\/tvbox.md\/ro\/wp-json\/wp\/v2\/media?parent=8183"}],"wp:term":[{"taxonomy":"product_brand","embeddable":true,"href":"https:\/\/tvbox.md\/ro\/wp-json\/wp\/v2\/product_brand?post=8183"},{"taxonomy":"product_cat","embeddable":true,"href":"https:\/\/tvbox.md\/ro\/wp-json\/wp\/v2\/product_cat?post=8183"},{"taxonomy":"product_tag","embeddable":true,"href":"https:\/\/tvbox.md\/ro\/wp-json\/wp\/v2\/product_tag?post=8183"}],"curies":[{"name":"wp","href":"https:\/\/api.w.org\/{rel}","templated":true}]}}