{"id":8174,"date":"2021-12-15T03:51:55","date_gmt":"2021-12-15T01:51:55","guid":{"rendered":"https:\/\/tvbox.md\/?post_type=product&#038;p=8174"},"modified":"2022-12-23T06:08:18","modified_gmt":"2022-12-23T04:08:18","slug":"apple-tv-4k-64gb-mxh02rs-a","status":"publish","type":"product","link":"https:\/\/tvbox.md\/ro\/cat\/apple-tv-4k-64gb-mxh02rs-a\/","title":{"rendered":"Apple TV 4K 64GB (MXH02RS\/A)"},"content":{"rendered":"<p><strong>O cutie \u00eentreag\u0103 de func\u021bii uimitoare pentru televizorul t\u0103u<\/strong><br \/>\nImagine \u0219i sunet ca \u00een via\u021ba real\u0103. Apple TV 4K cu Dolby Vision v\u0103 va face divertismentul de neuitat. \u0218i dac\u0103 sistemul dvs. de sunet accept\u0103 Dolby Atmos, Apple TV 4K v\u0103 va transforma casa \u00eentr-un adev\u0103rat teatru \u0219i v\u0103 pute\u021bi cufunda pe deplin \u00een sunetul surround.<\/p>\n<p><strong>HDR cu rate de cadre ridicate. Joc complet diferit<\/strong><br \/>\nApple TV 4K poate reda videoclipuri la o rat\u0103 de cadre de dou\u0103 ori mai mare dec\u00e2t HDR, astfel \u00eenc\u00e2t culorile s\u0103 par\u0103 mai reale, iar imaginile sunt mai clare. Chiar \u0219i evenimentele care se mi\u0219c\u0103 rapid, cum ar fi \u00een timpul unei transmisiuni sportive, pot fi vizionate \u00een detaliu. Natura de pe ecran pare incredibil de realist\u0103. \u0218i videoclipurile de pe YouTube prind literalmente via\u021b\u0103.<\/p>\n<p><strong>Regla\u021bi echilibrul culorilor cu iPhone<\/strong><br \/>\nUneori, reglarea imaginii de pe televizor se transform\u0103 \u00eentr-un proces lung \u0219i complicat. Dar nu cu Apple TV 4K. Acum ar trebui s\u0103 pute\u021bi calibra automat imaginea folosind iPhone-ul. Doar \u00eendrepta\u021bi iPhone-ul c\u0103tre ecranul televizorului o dat\u0103, apoi sta\u021bi pe spate \u0219i viziona\u021bi filme \u0219i emisiuni TV la o nou\u0103 calitate uimitoare.<\/p>\n<p><strong>Con\u021binutul t\u0103u preferat.<\/strong> \u00centotdeauna \u00een program<br \/>\necran de abunden\u021b\u0103. Apple Originals de la Apple TV+, seriale actuale \u0219i cele mai recente succese \u00een aplica\u021biile Amediateka, ivi, Netflix &#8211; pute\u021bi viziona toate acestea \u0219i multe altele pe Apple TV 4K.<\/p>\n<p><strong>Apple TV+<\/strong><br \/>\nUrm\u0103re\u0219te emisiuni TV de top, drame palpitante, documentare pline de ac\u021biune, divertisment pentru copii, comedie \u0219i multe altele cu noul con\u021binut Apple Originals \u00een fiecare lun\u0103.<\/p>\n<p><strong>Apple Music<\/strong><br \/>\nPeste 75 de milioane de piese v\u0103 st\u0103 la dispozi\u021bie, inclusiv clipuri video ale arti\u0219tilor populari din anii 80 p\u00e2n\u0103 \u00een prezent. \u0218i toate acestea pe Apple TV 4K. \u0218i dac\u0103 dori\u021bi s\u0103 c\u00e2nta\u021bi, porni\u021bi doar modul \u201eText\u201d.<\/p>\n<p><strong>Apple Arcade<\/strong><br \/>\nCu Apple TV 4K, puzzle-urile, arcadele nesf\u00e2r\u0219ite \u0219i misiunile magice din Apple Arcade pe ecranul mare \u00ee\u021bi vor capta complet imagina\u021bia.<\/p>\n<p>Procesorul A12 Bionic garanteaz\u0103 capacitate de r\u0103spuns \u0219i o grafic\u0103 neted\u0103, f\u0103c\u00e2nd jocurile pe Apple TV 4K \u0219i mai realiste.<\/p>\n<p>\u0218i datorit\u0103 suportului pentru multiplayer, juc\u0103torii \u00ee\u0219i pot urm\u0103ri pozi\u021bia \u00een clasament \u0219i progresul \u00een jocuri, pot vedea invita\u021biile de la al\u021bi juc\u0103tori \u0219i pot comuta oric\u00e2nd \u00eentre conturi.<\/p>\n<p>\u00cen plus, alegerea controlerelor compatibile a crescut, controlerele wireless Xbox \u0219i PlayStation compatibile acum cu Apple TV 4K.<\/p>\n<p><strong>Partajarea sunetului<\/strong><br \/>\nCinema pentru doi. Partajarea sunetului t\u00e2rziu \u00een noapte este util\u0103. Conecta\u021bi dou\u0103 perechi de AirPod-uri la Apple TV 4K \u0219i viziona\u021bi filme \u0219i emisiuni TV la orice volum, f\u0103r\u0103 a le deranja.<br \/>\ncare deja s-a culcat.<\/p>\n<p><strong>Control cu \u200b\u200biPhone<\/strong><br \/>\nToate func\u021biile dintr-o singur\u0103 atingere. Comenzile \u00eencorporate apar la momentul potrivit pe ecranul de blocare \u0219i \u00een Centrul de control de pe iPhone. Cu ajutorul lor, este convenabil s\u0103 \u00eencepe\u021bi redarea videoclipului, s\u0103 \u00eel \u00eentrerupe\u021bi, s\u0103 \u00eel derula\u021bi \u00eenainte \u0219i \u00eenapoi \u0219i, de asemenea, s\u0103 regla\u021bi volumul televizorului.<\/p>\n","protected":false},"excerpt":{"rendered":"<p>Noul <strong>Apple TV<\/strong> 4K combin\u0103 cel mai bun con\u021binut TV cu poten\u021bialul gigantic al dispozitivelor \u0219i serviciilor Apple. Acum camera ta de zi va fi cu adev\u0103rat transformat\u0103.<\/p>\n","protected":false},"featured_media":7811,"template":"","meta":[],"product_brand":[],"product_cat":[180],"product_tag":[316,287,297],"class_list":{"0":"post-8174","1":"product","2":"type-product","3":"status-publish","4":"has-post-thumbnail","6":"product_cat-mediaplayere","7":"product_tag-apple-2","8":"product_tag-mediaplayere","9":"product_tag-set-top-box","11":"first","12":"onbackorder","13":"shipping-taxable","14":"product-type-simple"},"aioseo_notices":[],"_links":{"self":[{"href":"https:\/\/tvbox.md\/ro\/wp-json\/wp\/v2\/product\/8174","targetHints":{"allow":["GET"]}}],"collection":[{"href":"https:\/\/tvbox.md\/ro\/wp-json\/wp\/v2\/product"}],"about":[{"href":"https:\/\/tvbox.md\/ro\/wp-json\/wp\/v2\/types\/product"}],"wp:featuredmedia":[{"embeddable":true,"href":"https:\/\/tvbox.md\/ro\/wp-json\/wp\/v2\/media\/7811"}],"wp:attachment":[{"href":"https:\/\/tvbox.md\/ro\/wp-json\/wp\/v2\/media?parent=8174"}],"wp:term":[{"taxonomy":"product_brand","embeddable":true,"href":"https:\/\/tvbox.md\/ro\/wp-json\/wp\/v2\/product_brand?post=8174"},{"taxonomy":"product_cat","embeddable":true,"href":"https:\/\/tvbox.md\/ro\/wp-json\/wp\/v2\/product_cat?post=8174"},{"taxonomy":"product_tag","embeddable":true,"href":"https:\/\/tvbox.md\/ro\/wp-json\/wp\/v2\/product_tag?post=8174"}],"curies":[{"name":"wp","href":"https:\/\/api.w.org\/{rel}","templated":true}]}}