{"id":8170,"date":"2021-12-15T03:57:21","date_gmt":"2021-12-15T01:57:21","guid":{"rendered":"https:\/\/tvbox.md\/?post_type=product&#038;p=8170"},"modified":"2022-12-23T06:05:01","modified_gmt":"2022-12-23T04:05:01","slug":"apple-tv-hd-32gb-mhy93rs-a","status":"publish","type":"product","link":"https:\/\/tvbox.md\/ro\/cat\/apple-tv-hd-32gb-mhy93rs-a\/","title":{"rendered":"Apple TV HD 32GB (MHY93RS\/A)"},"content":{"rendered":"<p><strong>Con\u021binutul t\u0103u preferat <\/strong>intotdeauna \u00een program<br \/>\necran de abunden\u021b\u0103. Con\u021binut Apple Originals de la Apple TV+, seriale actuale \u0219i cele mai recente succese din aplica\u021biile Amediateka, ivi, Netflix &#8211; pute\u021bi viziona toate acestea \u0219i multe altele pe Apple TV HD.<\/p>\n<p><strong>Apple TV+<\/strong><br \/>\nUrm\u0103re\u0219te emisiuni TV de top, drame palpitante, documentare pline de ac\u021biune, divertisment pentru copii, comedie \u0219i multe altele cu noul con\u021binut Apple Originals \u00een fiecare lun\u0103.<\/p>\n<p><strong>Apple Music<\/strong><br \/>\nPeste 75 de milioane de piese v\u0103 st\u0103 la dispozi\u021bie, inclusiv clipuri video ale arti\u0219tilor populari din anii 80 p\u00e2n\u0103 \u00een prezent. \u0218i toate acestea pe Apple TV HD. \u0218i dac\u0103 dori\u021bi s\u0103 c\u00e2nta\u021bi, porni\u021bi doar modul \u201eText\u201d.<\/p>\n<p><strong>Apple Arcade<\/strong><br \/>\nCu Apple TV HD, puzzle-urile, arcadele nesf\u00e2r\u0219ite \u0219i c\u0103ut\u0103rile magice din Apple Arcade pe ecranul mare \u00ee\u021bi vor capta complet imagina\u021bia.<\/p>\n","protected":false},"excerpt":{"rendered":"<p>Noul <strong>Apple TV HD<\/strong> combin\u0103 cel mai bun con\u021binut TV cu poten\u021bialul gigantic al dispozitivelor \u0219i serviciilor Apple. Acum camera ta de zi va fi cu adev\u0103rat transformat\u0103.<\/p>\n","protected":false},"featured_media":7477,"template":"","meta":[],"product_brand":[],"product_cat":[180],"product_tag":[316,315,297],"class_list":{"0":"post-8170","1":"product","2":"type-product","3":"status-publish","4":"has-post-thumbnail","6":"product_cat-mediaplayere","7":"product_tag-apple-2","8":"product_tag-medialayere","9":"product_tag-set-top-box","11":"first","12":"onbackorder","13":"shipping-taxable","14":"product-type-simple"},"aioseo_notices":[],"_links":{"self":[{"href":"https:\/\/tvbox.md\/ro\/wp-json\/wp\/v2\/product\/8170","targetHints":{"allow":["GET"]}}],"collection":[{"href":"https:\/\/tvbox.md\/ro\/wp-json\/wp\/v2\/product"}],"about":[{"href":"https:\/\/tvbox.md\/ro\/wp-json\/wp\/v2\/types\/product"}],"wp:featuredmedia":[{"embeddable":true,"href":"https:\/\/tvbox.md\/ro\/wp-json\/wp\/v2\/media\/7477"}],"wp:attachment":[{"href":"https:\/\/tvbox.md\/ro\/wp-json\/wp\/v2\/media?parent=8170"}],"wp:term":[{"taxonomy":"product_brand","embeddable":true,"href":"https:\/\/tvbox.md\/ro\/wp-json\/wp\/v2\/product_brand?post=8170"},{"taxonomy":"product_cat","embeddable":true,"href":"https:\/\/tvbox.md\/ro\/wp-json\/wp\/v2\/product_cat?post=8170"},{"taxonomy":"product_tag","embeddable":true,"href":"https:\/\/tvbox.md\/ro\/wp-json\/wp\/v2\/product_tag?post=8170"}],"curies":[{"name":"wp","href":"https:\/\/api.w.org\/{rel}","templated":true}]}}