{"id":8149,"date":"2021-12-15T04:18:44","date_gmt":"2021-12-15T02:18:44","guid":{"rendered":"https:\/\/tvbox.md\/?post_type=product&#038;p=8149"},"modified":"2022-12-23T05:54:16","modified_gmt":"2022-12-23T03:54:16","slug":"h96-max-h616-4-64-gb","status":"publish","type":"product","link":"https:\/\/tvbox.md\/ro\/cat\/h96-max-h616-4-64-gb\/","title":{"rendered":"H96 Max H616 4\/64 GB"},"content":{"rendered":"<p><strong>Sistem de operare<\/strong><br \/>\nSet-top box-ul inteligent ruleaz\u0103 pe sistemul de operare Android 10.0 cu o actualizare de firmware OTA. Utilizatorul are acces la Android Play Market, de unde pute\u021bi instala orice aplica\u021bie.<\/p>\n<p><strong>Procesor<\/strong><br \/>\nH96 Max este alimentat de puternicul procesor Cortex-A53 Allwinner H616 cu 4 nuclee. Acest SoC este o actualizare a procesorului Allwinner H6 cu un consum de energie \u0219i o temperatur\u0103 de func\u021bionare mai reduse.<br \/>\nGPU &#8211; Mali-G31 MP2 cu suport pentru cele mai recente codecuri precum VP9-10 \u0219i HDR.<\/p>\n<p><strong>Interfe\u021be<\/strong><br \/>\nCutia TV are urm\u0103toarele interfe\u021be:<\/p>\n<p>Ie\u0219ire 4K*2K UHD, HDMI 2.0A<br \/>\nPort USB 2.0 &#8211; 2 buc;<br \/>\nslot pentru card de memorie &#8211; 64 Gb (max)<br \/>\nPort Ethernet RJx45 &#8211; 1 Suport 10\/100M<br \/>\nIe\u0219ire AV<\/p>\n","protected":false},"excerpt":{"rendered":"<p>H96 Max H616 este un set-top box smart TV, ale c\u0103rui principale avantaje sunt un pre\u021b destul de mic, dar \u00een acela\u0219i timp un procesor puternic Allwinner H616, suport pentru redarea con\u021binutului video \u00een format de p\u00e2n\u0103 la 6k, precum \u0219i noul Sistem de operare Android 10.<\/p>\n","protected":false},"featured_media":7813,"template":"","meta":[],"product_brand":[],"product_cat":[180],"product_tag":[291,287,297],"class_list":{"0":"post-8149","1":"product","2":"type-product","3":"status-publish","4":"has-post-thumbnail","6":"product_cat-mediaplayere","7":"product_tag-h96-2","8":"product_tag-mediaplayere","9":"product_tag-set-top-box","11":"first","12":"onbackorder","13":"shipping-taxable","14":"product-type-simple"},"aioseo_notices":[],"_links":{"self":[{"href":"https:\/\/tvbox.md\/ro\/wp-json\/wp\/v2\/product\/8149","targetHints":{"allow":["GET"]}}],"collection":[{"href":"https:\/\/tvbox.md\/ro\/wp-json\/wp\/v2\/product"}],"about":[{"href":"https:\/\/tvbox.md\/ro\/wp-json\/wp\/v2\/types\/product"}],"wp:featuredmedia":[{"embeddable":true,"href":"https:\/\/tvbox.md\/ro\/wp-json\/wp\/v2\/media\/7813"}],"wp:attachment":[{"href":"https:\/\/tvbox.md\/ro\/wp-json\/wp\/v2\/media?parent=8149"}],"wp:term":[{"taxonomy":"product_brand","embeddable":true,"href":"https:\/\/tvbox.md\/ro\/wp-json\/wp\/v2\/product_brand?post=8149"},{"taxonomy":"product_cat","embeddable":true,"href":"https:\/\/tvbox.md\/ro\/wp-json\/wp\/v2\/product_cat?post=8149"},{"taxonomy":"product_tag","embeddable":true,"href":"https:\/\/tvbox.md\/ro\/wp-json\/wp\/v2\/product_tag?post=8149"}],"curies":[{"name":"wp","href":"https:\/\/api.w.org\/{rel}","templated":true}]}}