{"id":8138,"date":"2021-12-15T04:31:13","date_gmt":"2021-12-15T02:31:13","guid":{"rendered":"https:\/\/tvbox.md\/?post_type=product&#038;p=8138"},"modified":"2022-12-23T05:51:29","modified_gmt":"2022-12-23T03:51:29","slug":"x98-plus-4-32-gb-2","status":"publish","type":"product","link":"https:\/\/tvbox.md\/ro\/cat\/x98-plus-4-32-gb-2\/","title":{"rendered":"X98 Plus 4\/32 GB"},"content":{"rendered":"<p>Cutia TV X98 Plus ruleaz\u0103 pe sistemul de operare Android 11. Are preinstalat Google Play Store \u0219i alte aplica\u021bii. Este posibil s\u0103 instala\u021bi \u0219i s\u0103 c\u0103uta\u021bi aplica\u021bii din alte surse. Vrei s\u0103 vizionezi filmul sau serialul t\u0103u preferat, indiferent de ghidul de programe? De bun\u0103 calitate, la un moment convenabil? Cump\u0103ra\u021bi media player X98 Plus 4\/32 GB \u0219i instala\u021bi aplica\u021bii pentru vizionarea canalelor TV prin Internet (YouTV, SWEET.TV, Megogo, Kyivstar TV \u0219i altele) sau \u00een cinematografe online \u0219i viziona\u021bi cu pl\u0103cere. Mai mult, pute\u021bi juca numeroase jocuri, pute\u021bi conecta joystick-uri, tastaturi sau \u0219oareci la acesta pentru a lucra \u0219i a v\u0103 relaxa \u00een timpul liber.<\/p>\n<p>Po\u021bi cump\u0103ra Smart TV box X98 Plus 4\/32 GB din magazinul nostru online cu livrare \u0219i la un pre\u021b accesibil. Media player-ul X98 Plus se conecteaz\u0103 la televizor printr-un port HDMI, cablul necesar este deja inclus. X98 Plus 4\/32GB poate reda videoclipuri 4K. Este posibil s\u0103 se conecteze at\u00e2t la televizoare noi moderne, c\u00e2t \u0219i la modele vechi f\u0103r\u0103 port HDMI, acest model de decodificator TV are o ie\u0219ire AV (trebuie doar s\u0103 cump\u0103ra\u021bi un cablu adaptor de la miniJack 3,5 mm la 3xRCA &#8211; trei \u201elalele\u201d ).<\/p>\n<p>Cutia inteligent\u0103 este conectat\u0103 la internet prin WiFi de mare vitez\u0103 de 2,4 GHz sau 5 GHz. De asemenea, este posibil s\u0103 utiliza\u021bi o conexiune prin cablu la portul LAN de 10\/100 Mbps.<\/p>\n<p>Cutia TV are Bluetooth, datorit\u0103 c\u0103ruia pute\u021bi conecta un gamepad wireless, c\u0103\u0219ti, difuzoare audio \u0219i alte gadget-uri.<\/p>\n<p>Panoul frontal al carcasei playerului media X98 Plus 4\/32 GB are un display care afiseaza ora si diverse stari (Wi-Fi, HDMI, AV, micro SD, conexiune USB).<\/p>\n<p>Capacitatea de memorie poate fi extinsa cu un card de memorie micro SD. \u00cen plus, nu uita\u021bi c\u0103 orice stocare de date poate fi conectat\u0103 la set-top box, chiar \u0219i hard disk-uri externe. Pentru a vizualiza fi\u0219iere media de pe medii externe (carduri de memorie, unit\u0103\u021bi flash, unit\u0103\u021bi externe SSD HDD etc.), pute\u021bi utiliza portul USB 2.0 \u00eencorporat.<\/p>\n","protected":false},"excerpt":{"rendered":"<p>TV Box X98 Plus este disponibil \u00een trei versiuni: 2\/16 GB, 4\/32 GB \u0219i 4\/64 GB. X98 Plus 4\/32 are un procesor quad-core Amlogic S905W2 de mare vitez\u0103, un GPU ARM Mali-G31 (Dvalin), 4 GB RAM \u0219i 32 GB memorie intern\u0103. Acest model are suport hardware pentru decodarea fluxurilor video AV1. Dispozitivul v\u0103 va transforma televizorul obi\u0219nuit \u00eentr-un Smart TV cu acces la internet de mare vitez\u0103.<\/p>\n","protected":false},"featured_media":7876,"template":"","meta":[],"product_brand":[],"product_cat":[180],"product_tag":[287,300,297,301,313,259],"class_list":{"0":"post-8138","1":"product","2":"type-product","3":"status-publish","4":"has-post-thumbnail","6":"product_cat-mediaplayere","7":"product_tag-mediaplayere","8":"product_tag-mediaplayere-2","9":"product_tag-set-top-box","10":"product_tag-set-top-box-2","11":"product_tag-x98-2","12":"product_tag-x98","14":"first","15":"onbackorder","16":"shipping-taxable","17":"product-type-simple"},"aioseo_notices":[],"_links":{"self":[{"href":"https:\/\/tvbox.md\/ro\/wp-json\/wp\/v2\/product\/8138","targetHints":{"allow":["GET"]}}],"collection":[{"href":"https:\/\/tvbox.md\/ro\/wp-json\/wp\/v2\/product"}],"about":[{"href":"https:\/\/tvbox.md\/ro\/wp-json\/wp\/v2\/types\/product"}],"wp:featuredmedia":[{"embeddable":true,"href":"https:\/\/tvbox.md\/ro\/wp-json\/wp\/v2\/media\/7876"}],"wp:attachment":[{"href":"https:\/\/tvbox.md\/ro\/wp-json\/wp\/v2\/media?parent=8138"}],"wp:term":[{"taxonomy":"product_brand","embeddable":true,"href":"https:\/\/tvbox.md\/ro\/wp-json\/wp\/v2\/product_brand?post=8138"},{"taxonomy":"product_cat","embeddable":true,"href":"https:\/\/tvbox.md\/ro\/wp-json\/wp\/v2\/product_cat?post=8138"},{"taxonomy":"product_tag","embeddable":true,"href":"https:\/\/tvbox.md\/ro\/wp-json\/wp\/v2\/product_tag?post=8138"}],"curies":[{"name":"wp","href":"https:\/\/api.w.org\/{rel}","templated":true}]}}