{"id":8132,"date":"2021-12-15T04:39:33","date_gmt":"2021-12-15T02:39:33","guid":{"rendered":"https:\/\/tvbox.md\/?post_type=product&#038;p=8132"},"modified":"2022-12-23T05:31:25","modified_gmt":"2022-12-23T03:31:25","slug":"x98q-2-16-gb","status":"publish","type":"product","link":"https:\/\/tvbox.md\/ro\/cat\/x98q-2-16-gb\/","title":{"rendered":"X98Q 2\/16 GB"},"content":{"rendered":"<p>Cutia TV X98Q ruleaz\u0103 pe sistemul de operare Android 11. Are preinstalat Google Play Store \u0219i alte aplica\u021bii. Este posibil s\u0103 instala\u021bi \u0219i s\u0103 c\u0103uta\u021bi aplica\u021bii din alte surse. Vrei s\u0103 vizionezi filmul sau serialul t\u0103u preferat, indiferent de ghidul de programe? De bun\u0103 calitate, la un moment convenabil? Cump\u0103ra\u021bi un media player X98Q 2\/16 GB \u0219i instala\u021bi aplica\u021bii pentru vizionarea canalelor TV prin Internet (YouTV, SWEET.TV, Megogo, Kyivstar TV \u0219i altele) sau \u00een cinematografe online \u0219i viziona\u021bi cu pl\u0103cere. Mai mult, pute\u021bi juca numeroase jocuri, pute\u021bi conecta joystick-uri, tastaturi sau \u0219oareci la acesta pentru a lucra \u0219i a v\u0103 relaxa \u00een timpul liber.<\/p>\n<p>Po\u021bi cump\u0103ra Smart TV box X98Q 2\/16 GB din magazinul nostru online cu livrare \u0219i la un pre\u021b accesibil. Media player-ul X98Q se conecteaz\u0103 la televizor printr-un port HDMI, cablul necesar este deja inclus. X98Q 2\/16 GB poate reda videoclipuri 4K.<\/p>\n<p>Cutia inteligent\u0103 este conectat\u0103 la internet prin WiFi de mare vitez\u0103 de 2,4 GHz sau 5 GHz. De asemenea, este posibil s\u0103 utiliza\u021bi o conexiune prin cablu la portul LAN de 10\/100 Mbps.<\/p>\n<p>Capacitatea de memorie poate fi extinsa cu un card de memorie micro SD. \u00cen plus, nu uita\u021bi c\u0103 orice stocare de date poate fi conectat\u0103 la set-top box, chiar \u0219i hard disk-uri externe. Pentru a vizualiza fi\u0219iere media de pe medii externe (carduri de memorie, unit\u0103\u021bi flash, unit\u0103\u021bi externe SSD HDD etc.), pute\u021bi utiliza portul USB 2.0 \u00eencorporat.<\/p>\n","protected":false},"excerpt":{"rendered":"<p>X98Q 2\/16 are procesor quad-core Amlogic S905W2, GPU ARM Mali-G31 (Dvalin), 2 GB RAM \u0219i 16 GB ROM. Acest model are suport hardware pentru decodarea fluxurilor video AV1. Dispozitivul v\u0103 va transforma televizorul obi\u0219nuit \u00eentr-un Smart TV cu acces la internet de mare vitez\u0103.<\/p>\n","protected":false},"featured_media":7878,"template":"","meta":[],"product_brand":[],"product_cat":[180],"product_tag":[287,297,313],"class_list":{"0":"post-8132","1":"product","2":"type-product","3":"status-publish","4":"has-post-thumbnail","6":"product_cat-mediaplayere","7":"product_tag-mediaplayere","8":"product_tag-set-top-box","9":"product_tag-x98-2","11":"first","12":"onbackorder","13":"shipping-taxable","14":"product-type-simple"},"aioseo_notices":[],"_links":{"self":[{"href":"https:\/\/tvbox.md\/ro\/wp-json\/wp\/v2\/product\/8132","targetHints":{"allow":["GET"]}}],"collection":[{"href":"https:\/\/tvbox.md\/ro\/wp-json\/wp\/v2\/product"}],"about":[{"href":"https:\/\/tvbox.md\/ro\/wp-json\/wp\/v2\/types\/product"}],"wp:featuredmedia":[{"embeddable":true,"href":"https:\/\/tvbox.md\/ro\/wp-json\/wp\/v2\/media\/7878"}],"wp:attachment":[{"href":"https:\/\/tvbox.md\/ro\/wp-json\/wp\/v2\/media?parent=8132"}],"wp:term":[{"taxonomy":"product_brand","embeddable":true,"href":"https:\/\/tvbox.md\/ro\/wp-json\/wp\/v2\/product_brand?post=8132"},{"taxonomy":"product_cat","embeddable":true,"href":"https:\/\/tvbox.md\/ro\/wp-json\/wp\/v2\/product_cat?post=8132"},{"taxonomy":"product_tag","embeddable":true,"href":"https:\/\/tvbox.md\/ro\/wp-json\/wp\/v2\/product_tag?post=8132"}],"curies":[{"name":"wp","href":"https:\/\/api.w.org\/{rel}","templated":true}]}}