{"id":8098,"date":"2021-12-16T16:50:27","date_gmt":"2021-12-16T14:50:27","guid":{"rendered":"https:\/\/tvbox.md\/?post_type=product&#038;p=8098"},"modified":"2022-12-23T05:20:30","modified_gmt":"2022-12-23T03:20:30","slug":"mecool-kd1-tv-stick","status":"publish","type":"product","link":"https:\/\/tvbox.md\/ro\/cat\/mecool-kd1-tv-stick\/","title":{"rendered":"Mecool KD1 TV STICK"},"content":{"rendered":"<p><strong>Procesor<\/strong><\/p>\n<p>TV Box KD1 tv stick este alimentat de un procesor quad-core Amlogic S905Y2 cu o vitez\u0103 de ceas de 1,8 GHz. Acceleratorul video grafic este ARM Mali-G31 MP2.<\/p>\n<p><strong>Memorie<\/strong><\/p>\n<p>Stick-ul TV KD1 are 2G DDR4 RAM \u0219i 16G eMMC memorie \u00eencorporat\u0103.<\/p>\n<p><strong>Interfe\u021be<\/strong><\/p>\n<p>Cutia TV are urm\u0103toarele interfe\u021be:<\/p>\n<p>1 x HDMI 2.1 care accept\u0103 4K x 2K la 60 fps<br \/>\n1 x Micro USB<br \/>\nWiFi \u00eencorporat de 2,4\/5 GHz<\/p>\n<p><strong>Posibilitati:<\/strong><\/p>\n<p>&#8211; Navigarea complet\u0103 pe Internet utiliz\u00e2nd browserul \u00eencorporat;<\/p>\n<p>&#8211; Viziona\u021bi canale TV online la calitate \u00eenalt\u0103, inclusiv rezolu\u021bie 4K<\/p>\n<p>&#8211; Viziona\u021bi filme cu cinematografe online<\/p>\n<p>&#8211; Acces la re\u021belele sociale Facebook, Twitter \u0219i alte servicii online<\/p>\n<p>&#8211; Instalarea de jocuri \u0219i aplica\u021bii Android prin Play Market<\/p>\n<p><strong>Echipamente<\/strong><\/p>\n<p>TV Stick KD1<br \/>\ntelecomand\u0103<br \/>\nunitate de putere<br \/>\nCablu de alimentare micro USB cu senzor IR la distan\u021b\u0103<br \/>\nmanual de utilizare.<\/p>\n","protected":false},"excerpt":{"rendered":"<p>Set-top box-ul inteligent ruleaz\u0103 pe sistemul de operare Android TV 10.0. Utilizatorul are acces la Android Play Market, de unde pute\u021bi instala orice aplica\u021bie.<\/p>\n","protected":false},"featured_media":7825,"template":"","meta":[],"product_brand":[],"product_cat":[180],"product_tag":[312,287,297],"class_list":{"0":"post-8098","1":"product","2":"type-product","3":"status-publish","4":"has-post-thumbnail","6":"product_cat-mediaplayere","7":"product_tag-mecool-2","8":"product_tag-mediaplayere","9":"product_tag-set-top-box","11":"first","12":"onbackorder","13":"shipping-taxable","14":"product-type-simple"},"aioseo_notices":[],"_links":{"self":[{"href":"https:\/\/tvbox.md\/ro\/wp-json\/wp\/v2\/product\/8098","targetHints":{"allow":["GET"]}}],"collection":[{"href":"https:\/\/tvbox.md\/ro\/wp-json\/wp\/v2\/product"}],"about":[{"href":"https:\/\/tvbox.md\/ro\/wp-json\/wp\/v2\/types\/product"}],"wp:featuredmedia":[{"embeddable":true,"href":"https:\/\/tvbox.md\/ro\/wp-json\/wp\/v2\/media\/7825"}],"wp:attachment":[{"href":"https:\/\/tvbox.md\/ro\/wp-json\/wp\/v2\/media?parent=8098"}],"wp:term":[{"taxonomy":"product_brand","embeddable":true,"href":"https:\/\/tvbox.md\/ro\/wp-json\/wp\/v2\/product_brand?post=8098"},{"taxonomy":"product_cat","embeddable":true,"href":"https:\/\/tvbox.md\/ro\/wp-json\/wp\/v2\/product_cat?post=8098"},{"taxonomy":"product_tag","embeddable":true,"href":"https:\/\/tvbox.md\/ro\/wp-json\/wp\/v2\/product_tag?post=8098"}],"curies":[{"name":"wp","href":"https:\/\/api.w.org\/{rel}","templated":true}]}}