{"id":8094,"date":"2021-12-16T16:53:39","date_gmt":"2021-12-16T14:53:39","guid":{"rendered":"https:\/\/tvbox.md\/?post_type=product&#038;p=8094"},"modified":"2022-12-23T05:49:56","modified_gmt":"2022-12-23T03:49:56","slug":"mecool-kd2-4-32-gb-2","status":"publish","type":"product","link":"https:\/\/tvbox.md\/ro\/cat\/mecool-kd2-4-32-gb-2\/","title":{"rendered":"Mecool KD2 4\/32 GB"},"content":{"rendered":"<p>Cutia TV este echipat\u0103 cu o telecomand\u0103 Bluetooth cu c\u0103utare \u0219i control vocal. Acest dispozitiv combin\u0103 toate caracteristicile playerelor media de pe sistemul Android pe l\u00e2ng\u0103 posibilit\u0103\u021bile de vizionare a televiziunii digitale. <strong>Mecool KD2 4\/32<\/strong> are un procesor <strong>Amlogic S905Y4<\/strong> cu 4 nuclee de mare vitez\u0103, un GPU ARM Mali-G31 (Dvalin), 4 GB RAM DDR4 \u0219i 32 GB memorie intern\u0103. Acest model are suport hardware pentru decodarea fluxurilor video AV1. Dispozitivul v\u0103 va transforma televizorul obi\u0219nuit \u00eentr-un Smart TV cu acces la internet de mare vitez\u0103. Cine nu stie inca ce este un set-top box, atunci in termeni simpli este ca o tableta conectata la televizorul tau, unde acesta din urma actioneaza ca un monitor.<\/p>\n<p>Mecool KD2 ruleaz\u0103 pe sistemul de operare Android TV 11. Pe set-top box este preinstalat\u0103 o versiune special\u0103 a pie\u021bei Google Play, \u00een care pute\u021bi g\u0103si cu u\u0219urin\u021b\u0103 toate aplica\u021biile care sunt pe deplin compatibile cu sistemul de operare Android TV. Este posibil s\u0103 instala\u021bi \u0219i s\u0103 c\u0103uta\u021bi aplica\u021bii din alte surse. Vrei s\u0103 vizionezi filmul sau serialul t\u0103u preferat, indiferent de ghidul de programe? De bun\u0103 calitate, la un moment convenabil? Cump\u0103ra\u021bi un media player Mecool KD2 4\/32 GB \u0219i instala\u021bi aplica\u021bii pentru vizionarea canalelor TV prin Internet (YouTV, SWEET.TV, Megogo, Kyivstar TV \u0219i altele) sau \u00een cinematografe online \u0219i viziona\u021bi cu pl\u0103cere. Mai mult, pute\u021bi juca numeroase jocuri, pute\u021bi conecta joystick-uri, tastaturi sau \u0219oareci la acesta pentru a lucra \u0219i a v\u0103 relaxa \u00een timpul liber.<\/p>\n<p>Po\u021bi cump\u0103ra Smart TV box Mecool KD2 4\/32 GB din magazinul nostru online cu livrare \u0219i la un pre\u021b accesibil. Media player-ul Mecool KD2 este conectat la televizor printr-un port HDMI, cablul necesar este deja inclus. Mecool KD2 4\/32 GB poate reda videoclipuri 4K.<\/p>\n<p>Cutia inteligent\u0103 este conectat\u0103 la internet prin WiFi de mare vitez\u0103 de 2,4 GHz sau 5 GHz.<\/p>\n<p>Cutia TV are Bluetooth, datorit\u0103 c\u0103ruia pute\u021bi conecta un gamepad wireless, c\u0103\u0219ti, difuzoare audio \u0219i alte gadget-uri.<\/p>\n<p>Pute\u021bi conecta orice stocare de date la set-top box, chiar \u0219i hard disk-uri externe. Pentru a vizualiza fi\u0219iere media de pe medii externe (carduri de memorie, unit\u0103\u021bi flash, unit\u0103\u021bi externe SSD HDD etc.), pute\u021bi utiliza portul USB \u00eencorporat.<\/p>\n<p><strong>\u00centreb\u0103ri frecvente pentru cump\u0103r\u0103tori:<\/strong><\/p>\n<p><strong>1. Gama de lucru pe WiFi?<\/strong><\/p>\n<p>Spre deosebire de telefoane \u0219i tablete, recep\u021bia WiFi pentru toate boxele TV este mai slab\u0103, a\u0219a c\u0103 dac\u0103 routerul se afl\u0103 \u00een spatele obstacolelor (pere\u021bi, u\u0219i etc.), se recomand\u0103 conectarea casetei TV printr-un cablu LAN.<\/p>\n<p><strong>2. Ce vitez\u0103 de internet este necesar\u0103 pentru ca dispozitivul s\u0103 func\u021bioneze?<\/strong><\/p>\n<p>Youtube \u0219i IPTV 720p HD gata de la 5 Mbps<\/p>\n<p>Youtube \u0219i IPTV 1080p Full HD de la 10 Mbps<\/p>\n<p>Youtube \u0219i IPTV 4K de la 40 Mbps<\/p>\n<p>Torrente 1080p Full HD de la 50 Mbps<\/p>\n<p>Torrente 4K de la 100 Mbps<\/p>\n<p><strong>Specifica\u021bii:<\/strong><\/p>\n<p>\u2022 Sistem de operare: Android TV11<br \/>\n\u2022 Procesor: 4-core Amlogic S905Y4 quad-core ARM\u00ae Cortex\u2122 A35<br \/>\n\u2022 GPU GPU: Davlin MP2 Mali-G31<br \/>\n\u2022 RAM: 4 GB DDR4<br \/>\n\u2022 ROM intern: 32GB EMMC<br \/>\n\u2022 Re\u021bea: WIFI 2.4GHz + 5GHz<br \/>\n\u2022 Suport: Bluetooth<br \/>\n\u2022 Conectori: HDMI &#8211; 1 buc, USB &#8211; 1 buc<br \/>\n\u2022 Afi\u0219aj: 4K UHD 60fps, Full HD 1080p, HD 720p etc. Suport HDR<br \/>\n\u2022 Interfa\u021b\u0103 multilingv\u0103<\/p>\n<p><strong>Setul include:<\/strong><\/p>\n<p>\u2022 cutie TV<br \/>\n\u2022 Telecomanda Bluetooth cu microfon (baterii nu sunt incluse, sunt necesare 2 buc AAA)<br \/>\n\u2022 Alimentare electric\u0103<br \/>\n\u2022 Cablu USB<br \/>\n\u2022 Card de garantie<\/p>\n","protected":false},"excerpt":{"rendered":"<p>Cutia TV <strong>Mecool KD2 este certificat\u0103<\/strong> de Google \u0219i apar\u021bine unei familii de dispozitive bazate pe sistemul de operare <strong>Android TV<\/strong>, care este conceput special pentru televizoare \u0219i casete media, deoarece are o interfa\u021b\u0103 mai simpl\u0103 \u0219i este complet adaptat pentru a func\u021biona cu console.<\/p>\n","protected":false},"featured_media":7827,"template":"","meta":[],"product_brand":[],"product_cat":[180],"product_tag":[312,260,287,300,297,301],"class_list":{"0":"post-8094","1":"product","2":"type-product","3":"status-publish","4":"has-post-thumbnail","6":"product_cat-mediaplayere","7":"product_tag-mecool-2","8":"product_tag-mecool","9":"product_tag-mediaplayere","10":"product_tag-mediaplayere-2","11":"product_tag-set-top-box","12":"product_tag-set-top-box-2","14":"first","15":"onbackorder","16":"shipping-taxable","17":"product-type-simple"},"aioseo_notices":[],"_links":{"self":[{"href":"https:\/\/tvbox.md\/ro\/wp-json\/wp\/v2\/product\/8094","targetHints":{"allow":["GET"]}}],"collection":[{"href":"https:\/\/tvbox.md\/ro\/wp-json\/wp\/v2\/product"}],"about":[{"href":"https:\/\/tvbox.md\/ro\/wp-json\/wp\/v2\/types\/product"}],"wp:featuredmedia":[{"embeddable":true,"href":"https:\/\/tvbox.md\/ro\/wp-json\/wp\/v2\/media\/7827"}],"wp:attachment":[{"href":"https:\/\/tvbox.md\/ro\/wp-json\/wp\/v2\/media?parent=8094"}],"wp:term":[{"taxonomy":"product_brand","embeddable":true,"href":"https:\/\/tvbox.md\/ro\/wp-json\/wp\/v2\/product_brand?post=8094"},{"taxonomy":"product_cat","embeddable":true,"href":"https:\/\/tvbox.md\/ro\/wp-json\/wp\/v2\/product_cat?post=8094"},{"taxonomy":"product_tag","embeddable":true,"href":"https:\/\/tvbox.md\/ro\/wp-json\/wp\/v2\/product_tag?post=8094"}],"curies":[{"name":"wp","href":"https:\/\/api.w.org\/{rel}","templated":true}]}}