{"id":8090,"date":"2021-12-16T17:03:11","date_gmt":"2021-12-16T15:03:11","guid":{"rendered":"https:\/\/tvbox.md\/?post_type=product&#038;p=8090"},"modified":"2022-12-23T04:55:19","modified_gmt":"2022-12-23T02:55:19","slug":"mecool-km6-classic-2-16-gb","status":"publish","type":"product","link":"https:\/\/tvbox.md\/ro\/cat\/mecool-km6-classic-2-16-gb\/","title":{"rendered":"Mecool KM6 Classic 2\/16 GB"},"content":{"rendered":"<p><strong>Procesor<\/strong><\/p>\n<p>Aceast\u0103 cutie smart TV folose\u0219te cel mai recent procesor de la unul dintre liderii de pia\u021b\u0103 Amlogic. S905X4 este un cip de siliciu care are patru nuclee care ruleaz\u0103 la 2GHz. Nucleul grafic integrat ARM-G31 MP2 red\u0103 videoclipuri \u00een 4k cu o imagine stabil\u0103 \u0219i neted\u0103 la 60 de cadre pe secund\u0103.<\/p>\n<p>Comparativ cu cipul din genera\u021bia anterioar\u0103, Amlogic X4 a primit o u\u0219oar\u0103 cre\u0219tere a performan\u021bei, dar cea mai important\u0103 calitate a sa este suportul pentru sistemul de operare Android 10.<\/p>\n<p><strong>Memorie<\/strong><\/p>\n<p>2 gigabytes de RAM DD4, \u00een ciuda cantit\u0103\u021bii mici, vor oferi multitasking decent \u0219i performan\u021b\u0103 \u00een majoritatea sarcinilor de baz\u0103 (vizionarea videoclipurilor de \u00eenalt\u0103 defini\u021bie, jocuri nepreten\u021bioase). Memorie \u00eencorporat\u0103 instalat\u0103 de 16 gigaocte\u021bi, extensibil\u0103 prin carduri de memorie, unit\u0103\u021bi externe \u0219i alte dispozitive.<\/p>\n<p><strong>Android TV<\/strong><\/p>\n<p>Sistemul de operare este o calitate puternic\u0103 a Mecool KM6 Classic Edition. Cea mai recent\u0103 versiune de Android TV 10 cu suport pentru toate actualiz\u0103rile \u0219i complet\u0103rile viitoare. Pentru utilizator, aceasta \u00eenseamn\u0103 c\u0103:<\/p>\n<p>\u00cen primul r\u00e2nd, va fi confortabil s\u0103 lucreze cu o interfa\u021b\u0103 care este adaptat\u0103 la maximum la ecranul mare.<br \/>\n\u00cen al doilea r\u00e2nd, este suport pentru toate versiunile actuale de aplica\u021bii \u0219i o marj\u0103 bun\u0103 pentru viitor!<\/p>\n<p><strong>Module wireless<\/strong><\/p>\n<p>WiFi este dual-band, v\u0103 pute\u021bi conecta la routere care difuzeaz\u0103 un semnal at\u00e2t la 2,4, c\u00e2t \u0219i la 5 GHz (vitez\u0103 mai mare). \u00cen realit\u0103\u021bile de ast\u0103zi, mul\u021bi oameni au astfel de routere, ceea ce \u00eenseamn\u0103 c\u0103 po\u021bi folosi 5G complet.<\/p>\n<p>Pentru conectarea f\u0103r\u0103 fir a perifericelor &#8211; utiliza\u021bi versiunea Bluetooth 4.2. Ma bucur ca producatorul a decis sa instaleze bluetooth pentru a asigura confortul utilizatorilor, in ciuda pretului destul de mic!<\/p>\n<p><strong>Conectori<\/strong><\/p>\n<p>Aceast\u0103 cutie TV are un set clasic de toate porturile necesare pentru lucru:<\/p>\n<p>HDMI \u0219i AV &#8211; conecta\u021bi la un televizor sau monitor.<br \/>\nUSB 2.0 \u0219i 3.0.<br \/>\nSlot pentru carduri de memorie SD.<br \/>\nLAN RJ45 cu o l\u0103\u021bime de band\u0103 de 100 megabi\u021bi.<br \/>\nPort optic SPDIF &#8211; pentru acustic\u0103 de \u00eenalt\u0103 calitate \u0219i alte echipamente audio!<\/p>\n","protected":false},"excerpt":{"rendered":"<p>Procesor Aceast\u0103 cutie smart TV folose\u0219te cel mai recent procesor de la unul dintre liderii de pia\u021b\u0103 Amlogic. S905X4 este<\/p>\n","protected":false},"featured_media":7842,"template":"","meta":[],"product_brand":[],"product_cat":[180],"product_tag":[312,287,297],"class_list":{"0":"post-8090","1":"product","2":"type-product","3":"status-publish","4":"has-post-thumbnail","6":"product_cat-mediaplayere","7":"product_tag-mecool-2","8":"product_tag-mediaplayere","9":"product_tag-set-top-box","11":"first","12":"onbackorder","13":"shipping-taxable","14":"product-type-simple"},"aioseo_notices":[],"_links":{"self":[{"href":"https:\/\/tvbox.md\/ro\/wp-json\/wp\/v2\/product\/8090","targetHints":{"allow":["GET"]}}],"collection":[{"href":"https:\/\/tvbox.md\/ro\/wp-json\/wp\/v2\/product"}],"about":[{"href":"https:\/\/tvbox.md\/ro\/wp-json\/wp\/v2\/types\/product"}],"wp:featuredmedia":[{"embeddable":true,"href":"https:\/\/tvbox.md\/ro\/wp-json\/wp\/v2\/media\/7842"}],"wp:attachment":[{"href":"https:\/\/tvbox.md\/ro\/wp-json\/wp\/v2\/media?parent=8090"}],"wp:term":[{"taxonomy":"product_brand","embeddable":true,"href":"https:\/\/tvbox.md\/ro\/wp-json\/wp\/v2\/product_brand?post=8090"},{"taxonomy":"product_cat","embeddable":true,"href":"https:\/\/tvbox.md\/ro\/wp-json\/wp\/v2\/product_cat?post=8090"},{"taxonomy":"product_tag","embeddable":true,"href":"https:\/\/tvbox.md\/ro\/wp-json\/wp\/v2\/product_tag?post=8090"}],"curies":[{"name":"wp","href":"https:\/\/api.w.org\/{rel}","templated":true}]}}