{"id":8086,"date":"2021-12-16T17:07:00","date_gmt":"2021-12-16T15:07:00","guid":{"rendered":"https:\/\/tvbox.md\/?post_type=product&#038;p=8086"},"modified":"2022-12-23T04:52:57","modified_gmt":"2022-12-23T02:52:57","slug":"mecool-kd5-tv-stick","status":"publish","type":"product","link":"https:\/\/tvbox.md\/ro\/cat\/mecool-kd5-tv-stick\/","title":{"rendered":"Mecool KD5 TV Stick"},"content":{"rendered":"<p><strong>Procesor<\/strong><\/p>\n<p>KD5 este alimentat de un procesor quad-core Amlogic S805X2. SoC AMlogic S805X2 este un procesor quad-core de 12 nm cu procesoare ARM Cortex-A35. Procesorul are suficient\u0103 putere pentru a rula orice aplica\u021bie \u0219i are un decodor hardware AV1. Suporta HDR 10, HDR10+.<\/p>\n<p><strong>Memorie<\/strong><\/p>\n<p>Set-top box inteligent are 1 GB RAM \u0219i 8 GB memorie intern\u0103<\/p>\n<p><strong>Interfe\u021be<\/strong><\/p>\n<p>Cutia TV are urm\u0103toarele interfe\u021be:<\/p>\n<p>1* HDTV 2.1 Dynamic HDR 4Kx2K la rezolu\u021bie maxim\u0103 de 60<br \/>\n1 * Micro USB 5V\/1A<\/p>\n<p><strong>Re\u0163ea<\/strong><\/p>\n<p>Set-top box inteligent Mecool KD5 se conecteaz\u0103 la internet folosind Wi-Fi 1T1R 802.11 a\/b\/g\/n\/ac 2.4+5G Wi-Fi. Set-top box-ul are Bluetooth 5.0<\/p>\n<p><strong>Suport pentru tehnologia de afi\u0219are f\u0103r\u0103 fir<\/strong><\/p>\n<p>Set-top box-ul accept\u0103 standardele de afi\u0219are wireless existente: Airplay, Miracast, DLNA. Aceste tehnologii permit utilizatorului unui smartphone (tablet\u0103) de pe sistemul de operare Android \u0219i IOS s\u0103 transmit\u0103 o imagine de pe dispozitiv la televizor.<\/p>\n<p><strong>Posibilitati:<\/strong><\/p>\n<p>&#8211; Navigarea complet\u0103 pe Internet utiliz\u00e2nd browserul \u00eencorporat;<br \/>\n&#8211; Viziona\u021bi canale TV online la calitate \u00eenalt\u0103<br \/>\n&#8211; Viziona\u021bi filme cu cinematografe online<br \/>\n&#8211; Acces la re\u021belele sociale Facebook, Twitter \u0219i alte servicii online<br \/>\n&#8211; Instalarea de jocuri \u0219i aplica\u021bii Android prin Play Market<\/p>\n<p><strong>Caracteristici principale:<\/strong><\/p>\n<p>&#8211; Concentrat pe servicii de streaming<br \/>\n&#8211; Acces instantaneu la con\u021binut AV1, videoclipuri mai str\u0103lucitoare \u0219i calitate TV fantastic\u0103 cu mai pu\u021bine date, economisi\u021bi 20-30%.<br \/>\n&#8211; Ruleaz\u0103 Android 11 pe cel mai recent procesor Amlogic S805x2 cu vitez\u0103 rapid\u0103 \u0219i func\u021bionare lin\u0103, perfect pentru divertisment la domiciliu, home theater, utilizare \u00een afaceri \u0219i multe altele.<br \/>\n-Asistent Google \u00eencorporat, accept\u0103 ecosistemul de cas\u0103 inteligent\u0103 Google, cum ar fi vorbirea \u00een telecomanda vocal\u0103, pute\u021bi accesa rapid divertisment \u0219i pute\u021bi ob\u021bine r\u0103spunsuri.<br \/>\n&#8211; Accept\u0103 procesarea HDR10, HLG HDR, vede\u021bi scene \u0219i personaje care prind via\u021b\u0103 cu un contrast viu, culoare \u0219i claritate.<br \/>\n-Acces facil la con\u021binut original nesf\u00e2r\u0219it din ecosistemul Android, inclusiv YouTube, Amazon Prime Video, Disney+ \u0219i multe altele.<br \/>\n&#8211; Suport\u0103 actualiz\u0103ri OTA \u00een timp util.<br \/>\n&#8211; U\u0219or \u0219i portabil, suficient de mic pentru a \u00eenc\u0103pea cu u\u0219urin\u021b\u0103 \u00een buzunar.<\/p>\n<p><strong>Echipamente<\/strong><\/p>\n<p>1. cutie TV KD5<br \/>\n2. 1 * adaptor USB<br \/>\n3. 1 * cablu USB la MICRO USB<br \/>\n4. 1 * cablu HDMI<br \/>\n5. Telecomanda IR+BT<br \/>\n6. Instruire (eng)<br \/>\n7. Card de garan\u021bie<\/p>\n","protected":false},"excerpt":{"rendered":"<p>Mecool KD5 ruleaz\u0103 pe sistemul de operare Android 11 ATV (Android TV). Utilizatorul are acces la Android Play Market, de unde pute\u021bi instala orice aplica\u021bie.<\/p>\n","protected":false},"featured_media":7831,"template":"","meta":[],"product_brand":[],"product_cat":[180],"product_tag":[312,287,297],"class_list":{"0":"post-8086","1":"product","2":"type-product","3":"status-publish","4":"has-post-thumbnail","6":"product_cat-mediaplayere","7":"product_tag-mecool-2","8":"product_tag-mediaplayere","9":"product_tag-set-top-box","11":"first","12":"onbackorder","13":"shipping-taxable","14":"product-type-simple"},"aioseo_notices":[],"_links":{"self":[{"href":"https:\/\/tvbox.md\/ro\/wp-json\/wp\/v2\/product\/8086","targetHints":{"allow":["GET"]}}],"collection":[{"href":"https:\/\/tvbox.md\/ro\/wp-json\/wp\/v2\/product"}],"about":[{"href":"https:\/\/tvbox.md\/ro\/wp-json\/wp\/v2\/types\/product"}],"wp:featuredmedia":[{"embeddable":true,"href":"https:\/\/tvbox.md\/ro\/wp-json\/wp\/v2\/media\/7831"}],"wp:attachment":[{"href":"https:\/\/tvbox.md\/ro\/wp-json\/wp\/v2\/media?parent=8086"}],"wp:term":[{"taxonomy":"product_brand","embeddable":true,"href":"https:\/\/tvbox.md\/ro\/wp-json\/wp\/v2\/product_brand?post=8086"},{"taxonomy":"product_cat","embeddable":true,"href":"https:\/\/tvbox.md\/ro\/wp-json\/wp\/v2\/product_cat?post=8086"},{"taxonomy":"product_tag","embeddable":true,"href":"https:\/\/tvbox.md\/ro\/wp-json\/wp\/v2\/product_tag?post=8086"}],"curies":[{"name":"wp","href":"https:\/\/api.w.org\/{rel}","templated":true}]}}