{"id":8085,"date":"2021-12-16T17:12:05","date_gmt":"2021-12-16T15:12:05","guid":{"rendered":"https:\/\/tvbox.md\/?post_type=product&#038;p=8085"},"modified":"2022-12-23T04:49:48","modified_gmt":"2022-12-23T02:49:48","slug":"mecool-km2-netflix-android-tv-10-2-8-gb","status":"publish","type":"product","link":"https:\/\/tvbox.md\/ro\/cat\/mecool-km2-netflix-android-tv-10-2-8-gb\/","title":{"rendered":"Mecool KM2 Netflix Android TV 10 2\/8 GB"},"content":{"rendered":"<p>OS: Android 10.0<br \/>\nCon\u021binutul livr\u0103rii: player media, surs\u0103 de alimentare, telecomand\u0103, cablu HDMI, instruc\u021biuni<\/p>\n","protected":false},"excerpt":{"rendered":"<p>Portalul Netflix devine din ce \u00een ce mai popular \u00een fiecare zi. Diverse filme pot fi vizionate la calitate bun\u0103, cu traducere ucrainean\u0103 \u0219i sunet bun, \u0219i toate acestea f\u0103r\u0103 publicitate intruziv\u0103. Toate acestea le prime\u0219ti \u00een noul prefix KM2.<\/p>\n","protected":false},"featured_media":7837,"template":"","meta":[],"product_brand":[],"product_cat":[180],"product_tag":[312,287,297],"class_list":{"0":"post-8085","1":"product","2":"type-product","3":"status-publish","4":"has-post-thumbnail","6":"product_cat-mediaplayere","7":"product_tag-mecool-2","8":"product_tag-mediaplayere","9":"product_tag-set-top-box","11":"first","12":"onbackorder","13":"shipping-taxable","14":"product-type-simple"},"aioseo_notices":[],"_links":{"self":[{"href":"https:\/\/tvbox.md\/ro\/wp-json\/wp\/v2\/product\/8085","targetHints":{"allow":["GET"]}}],"collection":[{"href":"https:\/\/tvbox.md\/ro\/wp-json\/wp\/v2\/product"}],"about":[{"href":"https:\/\/tvbox.md\/ro\/wp-json\/wp\/v2\/types\/product"}],"wp:featuredmedia":[{"embeddable":true,"href":"https:\/\/tvbox.md\/ro\/wp-json\/wp\/v2\/media\/7837"}],"wp:attachment":[{"href":"https:\/\/tvbox.md\/ro\/wp-json\/wp\/v2\/media?parent=8085"}],"wp:term":[{"taxonomy":"product_brand","embeddable":true,"href":"https:\/\/tvbox.md\/ro\/wp-json\/wp\/v2\/product_brand?post=8085"},{"taxonomy":"product_cat","embeddable":true,"href":"https:\/\/tvbox.md\/ro\/wp-json\/wp\/v2\/product_cat?post=8085"},{"taxonomy":"product_tag","embeddable":true,"href":"https:\/\/tvbox.md\/ro\/wp-json\/wp\/v2\/product_tag?post=8085"}],"curies":[{"name":"wp","href":"https:\/\/api.w.org\/{rel}","templated":true}]}}