{"id":8077,"date":"2021-12-16T17:21:59","date_gmt":"2021-12-16T15:21:59","guid":{"rendered":"https:\/\/tvbox.md\/?post_type=product&#038;p=8077"},"modified":"2022-12-23T04:43:31","modified_gmt":"2022-12-23T02:43:31","slug":"mecool-km3-4-64-gb","status":"publish","type":"product","link":"https:\/\/tvbox.md\/ro\/cat\/mecool-km3-4-64-gb\/","title":{"rendered":"Mecool KM3 4\/64 GB"},"content":{"rendered":"<p><strong>Proiecta<\/strong><\/p>\n<p>Designul consolei vorbe\u0219te despre calitatea sa premium. Plastic lucios de \u00eenalt\u0103 calitate, completat de brandingul Mecool, care confer\u0103 un farmec aparte cutiei smart TV. Mai jos exist\u0103 un num\u0103r mare de difuzoare care creeaz\u0103 un anumit ornament. Datorit\u0103 acestui fapt, transferul de c\u0103ldur\u0103 al cutiei smart TV este \u00eembun\u0103t\u0103\u021bit \u0219i arat\u0103 cele mai bune performan\u021be la testele de accelerare. Pe fe\u021bele laterale ale dispozitivului, ve\u021bi g\u0103si un set standard de porturi care pot fi folosite pentru a extinde stocarea, conecta periferice sau Internet prin cablu. \u00cen general, toate cele mai necesare.<\/p>\n<p><strong>Caracteristici Mecool KM3<\/strong><\/p>\n<p>Calit\u0103\u021bile distinctive ale acestei casete smart TV includ un port LAN gigabit. Sistemul de operare Android TV 10 este cel mai recent, ceea ce \u00eenseamn\u0103 suport activ din partea Google. Datorit\u0103 actualiz\u0103rilor \u0219i patch-urilor utile, set-top box-ul t\u0103u va func\u021biona stabil \u0219i rapid.<\/p>\n<p>Exist\u0103 module wireless: WiFi de mare vitez\u0103, dual-band \u0219i Bluetooth versiunea 4.1, care func\u021bioneaz\u0103 la o distan\u021b\u0103 de p\u00e2n\u0103 la 20 de metri.<\/p>\n<p>Set-top box-ul este echipat cu o telecomand\u0103 care accept\u0103 tehnologia de control vocal. Datorit\u0103 acestui fapt, utilizatorului este mult mai u\u0219or s\u0103 gestioneze set-top box-ul, precum \u0219i s\u0103 caute informa\u021biile necesare \u00een re\u021bea sau con\u021binut pe site-urile de g\u0103zduire video.<\/p>\n<p>Microfonul \u00ee\u0219i face treaba perfect, iar algoritmii asistentului vocal Google \u00eenc\u00e2nt\u0103 mul\u021bi utilizatori, deoarece ace\u0219tia func\u021bioneaz\u0103 c\u00e2t mai precis \u0219i corect.<\/p>\n","protected":false},"excerpt":{"rendered":"<p>\u0421\u043c\u0430\u0440\u0442 \u0442\u0432 \u0431\u043e\u043a\u0441 Mecool KM3, \u043a\u0430\u043a \u0438 \u043c\u043d\u043e\u0433\u0438\u0435 \u0434\u0440\u0443\u0433\u0438\u0435 \u043f\u0440\u0435\u0434\u0441\u0442\u0430\u0432\u0438\u0442\u0435\u043b\u0438 \u0434\u0430\u043d\u043d\u043e\u0433\u043e \u0446\u0435\u043d\u043e\u0432\u043e\u0433\u043e \u0441\u0435\u0433\u043c\u0435\u043d\u0442\u0430, \u0431\u0430\u0437\u0438\u0440\u0443\u0435\u0442\u0441\u044f \u043d\u0430 \u043c\u043e\u0449\u043d\u043e\u043c \u043f\u0440\u043e\u0446\u0435\u0441\u0441\u043e\u0440\u0435 Amlogic S905X2. \u0414\u0430\u043d\u043d\u044b\u0439 \u043a\u0440\u0435\u043c\u043d\u0438\u0435\u0432\u044b\u0439 \u0447\u0438\u043f \u043e\u0431\u043b\u0430\u0434\u0430\u0435\u0442 \u0434\u0432\u0443\u043c\u044f \u043e\u0447\u0435\u043d\u044c \u0432\u0430\u0436\u043d\u044b\u043c\u0438 \u043a\u0430\u0447\u0435\u0441\u0442\u0432\u0430\u043c\u0438, \u0430 \u0438\u043c\u0435\u043d\u043d\u043e \u0432\u044b\u0441\u043e\u043a\u0438\u0439 \u0443\u0440\u043e\u0432\u0435\u043d\u044c \u043f\u0440\u043e\u0438\u0437\u0432\u043e\u0434\u0438\u0442\u0435\u043b\u044c\u043d\u043e\u0441\u0442\u0438, \u0432 \u0442\u043e\u043c \u0447\u0438\u0441\u043b\u0435 \u0432\u0441\u0442\u0440\u043e\u0435\u043d\u043d\u043e\u0439 \u0433\u0440\u0430\u0444\u0438\u043a\u0438, \u0434\u043e\u0441\u0442\u0430\u0442\u043e\u0447\u043d\u043e \u043f\u0440\u0438\u044f\u0442\u043d\u0430\u044f \u0441\u0435\u0431\u0435\u0441\u0442\u043e\u0438\u043c\u043e\u0441\u0442\u044c.<\/p>\n","protected":false},"featured_media":7840,"template":"","meta":[],"product_brand":[],"product_cat":[180],"product_tag":[312,287,297],"class_list":{"0":"post-8077","1":"product","2":"type-product","3":"status-publish","4":"has-post-thumbnail","6":"product_cat-mediaplayere","7":"product_tag-mecool-2","8":"product_tag-mediaplayere","9":"product_tag-set-top-box","11":"first","12":"onbackorder","13":"shipping-taxable","14":"product-type-simple"},"aioseo_notices":[],"_links":{"self":[{"href":"https:\/\/tvbox.md\/ro\/wp-json\/wp\/v2\/product\/8077","targetHints":{"allow":["GET"]}}],"collection":[{"href":"https:\/\/tvbox.md\/ro\/wp-json\/wp\/v2\/product"}],"about":[{"href":"https:\/\/tvbox.md\/ro\/wp-json\/wp\/v2\/types\/product"}],"wp:featuredmedia":[{"embeddable":true,"href":"https:\/\/tvbox.md\/ro\/wp-json\/wp\/v2\/media\/7840"}],"wp:attachment":[{"href":"https:\/\/tvbox.md\/ro\/wp-json\/wp\/v2\/media?parent=8077"}],"wp:term":[{"taxonomy":"product_brand","embeddable":true,"href":"https:\/\/tvbox.md\/ro\/wp-json\/wp\/v2\/product_brand?post=8077"},{"taxonomy":"product_cat","embeddable":true,"href":"https:\/\/tvbox.md\/ro\/wp-json\/wp\/v2\/product_cat?post=8077"},{"taxonomy":"product_tag","embeddable":true,"href":"https:\/\/tvbox.md\/ro\/wp-json\/wp\/v2\/product_tag?post=8077"}],"curies":[{"name":"wp","href":"https:\/\/api.w.org\/{rel}","templated":true}]}}