{"id":8058,"date":"2021-12-16T19:18:19","date_gmt":"2021-12-16T17:18:19","guid":{"rendered":"https:\/\/tvbox.md\/?post_type=product&#038;p=8058"},"modified":"2022-12-23T03:51:30","modified_gmt":"2022-12-23T01:51:30","slug":"tanix-x4-4-32-gb","status":"publish","type":"product","link":"https:\/\/tvbox.md\/ro\/cat\/tanix-x4-4-32-gb\/","title":{"rendered":"Tanix X4 4\/32 GB"},"content":{"rendered":"<p>Alimentat de procesor quad-core Amlogic S905X4 tactat la p\u00e2n\u0103 la 2,0 GHz, 4 GB RAM, 32 GB stocare intern\u0103 \u0219i modul Wi-Fi dual-band fiabil b\/g\/n\/ac 2.4\/5.8GHz, Bluetooth 4.2, Cortex\u2122 A55 puternic Acceleratorul grafic Mali-G31 MP2 Dvalin, precum \u0219i suport pentru codecul video AV1 &#8211; toate acestea sunt despre decodificatorul modern Tanix X4 TV.<\/p>\n<p>\u2022 Sistem de operare: Android 11.0.<br \/>\n\u2022 RAM: 4 GB LPDDR4.<br \/>\n\u2022 Memorie ROM numai pentru citire: 32 GB EMMC.<br \/>\n\u2022 Procesor: Amlogic S905X4 cu Quad-Core Cortex-A55 12nm, , 2.0GHz.<br \/>\n\u2022 GPU: ARM Mali-G31MP2 Open GL ES 3.2 Vulkan 1.0.<br \/>\n\u2022 Re\u021bea: Modulul wireless 2.4G+5.8G respect\u0103 IEEE 802.11 a\/b\/g\/n\/ac, Gigabit Ethernet LAN (1000Mbps).<br \/>\n\u2022 Conectori: HDMI 2.1 &#8211; 1 buc (4K, HDR), USB 3.0 &#8211; 1 buc, USB 2.0 &#8211; 1 buc, MicroSD, S\/PIDIF, Ethernet.<br \/>\n\u2022 Bluetooth 4.2.<br \/>\n\u2022 Interfa\u021b\u0103 multilingv\u0103.<br \/>\n\u2022 Codecuri video &#8211; Suport pentru codec video AV1, VP9 Profile-2 p\u00e2n\u0103 la 4K 60 fps, H.265 pe 10 bi\u021bi p\u00e2n\u0103 la 4K 60 fps, AVS2-P2 p\u00e2n\u0103 la 4K 60 fps, H.264\/AVC p\u00e2n\u0103 la 4K 30 fps , H.264 MVC p\u00e2n\u0103 la 1080p60, MPEG-4 ASP p\u00e2n\u0103 la 1080p60 (ISO-14496) \u0219i altele.<\/p>\n","protected":false},"excerpt":{"rendered":"<p>Tanix X4 4\/32GB este cel mai nou set-top box care ruleaz\u0103 pe Android 11, oferind o interfa\u021b\u0103 fluid\u0103 \u0219i set\u0103ri avansate pentru aplica\u021bii.<\/p>\n","protected":false},"featured_media":7860,"template":"","meta":[],"product_brand":[],"product_cat":[180],"product_tag":[287,297,310],"class_list":{"0":"post-8058","1":"product","2":"type-product","3":"status-publish","4":"has-post-thumbnail","6":"product_cat-mediaplayere","7":"product_tag-mediaplayere","8":"product_tag-set-top-box","9":"product_tag-tanix-2","11":"first","12":"onbackorder","13":"shipping-taxable","14":"product-type-simple"},"aioseo_notices":[],"_links":{"self":[{"href":"https:\/\/tvbox.md\/ro\/wp-json\/wp\/v2\/product\/8058","targetHints":{"allow":["GET"]}}],"collection":[{"href":"https:\/\/tvbox.md\/ro\/wp-json\/wp\/v2\/product"}],"about":[{"href":"https:\/\/tvbox.md\/ro\/wp-json\/wp\/v2\/types\/product"}],"wp:featuredmedia":[{"embeddable":true,"href":"https:\/\/tvbox.md\/ro\/wp-json\/wp\/v2\/media\/7860"}],"wp:attachment":[{"href":"https:\/\/tvbox.md\/ro\/wp-json\/wp\/v2\/media?parent=8058"}],"wp:term":[{"taxonomy":"product_brand","embeddable":true,"href":"https:\/\/tvbox.md\/ro\/wp-json\/wp\/v2\/product_brand?post=8058"},{"taxonomy":"product_cat","embeddable":true,"href":"https:\/\/tvbox.md\/ro\/wp-json\/wp\/v2\/product_cat?post=8058"},{"taxonomy":"product_tag","embeddable":true,"href":"https:\/\/tvbox.md\/ro\/wp-json\/wp\/v2\/product_tag?post=8058"}],"curies":[{"name":"wp","href":"https:\/\/api.w.org\/{rel}","templated":true}]}}