{"id":8056,"date":"2021-12-16T19:20:00","date_gmt":"2021-12-16T17:20:00","guid":{"rendered":"https:\/\/tvbox.md\/?post_type=product&#038;p=8056"},"modified":"2022-12-23T03:48:58","modified_gmt":"2022-12-23T01:48:58","slug":"amazon-fire-tv-stick-lite-1-8-gb-cu-telecomanda-vocala","status":"publish","type":"product","link":"https:\/\/tvbox.md\/ro\/cat\/amazon-fire-tv-stick-lite-1-8-gb-cu-telecomanda-vocala\/","title":{"rendered":"Amazon Fire TV Stick LITE 1\/8 GB cu telecomand\u0103 vocal\u0103"},"content":{"rendered":"<p><strong>Telecomanda vocal\u0103 Alexa cu control TV<\/strong><\/p>\n<p>Doar face\u021bi clic \u0219i cere\u021bi-i lui Alexa s\u0103 g\u0103seasc\u0103, s\u0103 lanseze \u0219i s\u0103 gestioneze con\u021binutul. Naviga\u021bi rapid la aplica\u021biile preferate &#8211; Netflix, Prime Video, Disney+ \u0219i Hulu &#8211; cu butoanele presetate. Butoanele dedicate de alimentare \u0219i volum v\u0103 permit s\u0103 v\u0103 controla\u021bi televizorul \u0219i sunetul compatibil.<\/p>\n<p><strong>Sunet realist Dolby Vision \u0219i Dolby Atmos<\/strong><\/p>\n<p>Bucura\u021bi-v\u0103 de streaming 4K Ultra HD uimitor la p\u00e2n\u0103 la 60 fps. Experimenta\u021bi culori vii, realiste \u0219i claritate excep\u021bional\u0103 cu Dolby Vision, HDR 10, HLG \u0219i HDR10+. Experimenta\u021bi scenele prind via\u021b\u0103 cu sunetul captivant Dolby Atmos \u00een anumite filme, inclusiv Prime Video \u0219i Disney+, atunci c\u00e2nd sunt conectate la bare de sunet compatibile \u0219i la sisteme audio de acas\u0103.<\/p>\n<p><strong>C\u0103utare rapid\u0103 de con\u021binut<\/strong><\/p>\n<p>Transmiterea \u00een flux la Fire TV este simpl\u0103 \u0219i intuitiv\u0103. Totul \u00eencepe cu meniul principal, unde pute\u021bi accesa rapid con\u021binutul preferat. C\u0103uta\u021bi prin sute de canale \u0219i aplica\u021bii pentru a g\u0103si ceea ce dori\u021bi s\u0103 viziona\u021bi. Bucura\u021bi-v\u0103 de streaming personalizat cu Profiluri, care con\u021bine recomand\u0103ri, istoric de navigare \u0219i liste de urm\u0103rire pentru fiecare membru al familiei.<\/p>\n","protected":false},"excerpt":{"rendered":"<p>\u0411\u043b\u0430\u0433\u043e\u0434\u0430\u0440\u044f \u043f\u043e\u0434\u0434\u0435\u0440\u0436\u043a\u0435 \u0432\u0435\u0434\u0443\u0449\u0438\u0445 \u0444\u043e\u0440\u043c\u0430\u0442\u043e\u0432 HDR, Dolby Vision, Dolby Atmos Audio,\u0441 \u043f\u043e\u043c\u043e\u0449\u044c\u044e \u0441\u0442\u0438\u043a\u0430 \u043f\u043e\u043b\u0443\u0447\u0438\u0442\u0435 \u00a0\u0434\u043e\u0441\u0442\u0443\u043f \u00a0\u043a \u043d\u043e\u0432\u0435\u0439\u0448\u0435\u043c\u0443 \u043a\u043e\u043d\u0442\u0435\u043d\u0442\u0443 4K \u0438 \u043c\u043e\u043b\u043d\u0438\u0435\u043d\u043e\u0441\u043d\u043e\u043c\u0443 \u043f\u0440\u043e\u0446\u0435\u0441\u0441\u043e\u0440\u0443. Fire TV Stick 4K \u043f\u043e\u0437\u0432\u043e\u043b\u044f\u0435\u0442 \u0432\u0430\u043c \u043e\u0449\u0443\u0442\u0438\u0442\u044c \u0432\u0441\u044e \u043a\u0440\u0430\u0441\u043e\u0442\u0443 \u0444\u0438\u043b\u044c\u043c\u043e\u0432 \u0438 \u043f\u0435\u0440\u0435\u0434\u0430\u0447 4K Ultra HD \u043d\u0430 \u0432\u0430\u0448\u0435\u043c \u0442\u0435\u043b\u0435\u0432\u0438\u0437\u043e\u0440\u0435. \u041f\u043e\u0438\u0441\u043a \u043a\u043e\u043d\u0442\u0435\u043d\u0442\u0430 4K Ultra HD \u0435\u0449\u0435 \u043d\u0438\u043a\u043e\u0433\u0434\u0430 \u043d\u0435 \u0431\u044b\u043b \u0442\u0430\u043a\u0438\u043c \u043f\u0440\u043e\u0441\u0442\u044b\u043c \u043d\u0430 Fire TV &#8211; \u043f\u0440\u043e\u0441\u0442\u043e \u043d\u0430\u0436\u043c\u0438\u0442\u0435 \u0438 \u0441\u043f\u0440\u043e\u0441\u0438\u0442\u0435: &#8220;Alexa, \u043d\u0430\u0439\u0434\u0438 \u0444\u0438\u043b\u044c\u043c\u044b 4K&#8221; \u0438\u043b\u0438 \u043f\u0440\u043e\u0441\u043c\u043e\u0442\u0440\u0438\u0442\u0435 \u0440\u0435\u043a\u043e\u043c\u0435\u043d\u0434\u0430\u0446\u0438\u0438 \u043d\u0430 \u0434\u043e\u043c\u0430\u0448\u043d\u0435\u043c \u044d\u043a\u0440\u0430\u043d\u0435.<\/p>\n","protected":false},"featured_media":7809,"template":"","meta":[],"product_brand":[],"product_cat":[180],"product_tag":[309,287,297],"class_list":{"0":"post-8056","1":"product","2":"type-product","3":"status-publish","4":"has-post-thumbnail","6":"product_cat-mediaplayere","7":"product_tag-fire-tv-2","8":"product_tag-mediaplayere","9":"product_tag-set-top-box","11":"first","12":"onbackorder","13":"shipping-taxable","14":"product-type-simple"},"aioseo_notices":[],"_links":{"self":[{"href":"https:\/\/tvbox.md\/ro\/wp-json\/wp\/v2\/product\/8056","targetHints":{"allow":["GET"]}}],"collection":[{"href":"https:\/\/tvbox.md\/ro\/wp-json\/wp\/v2\/product"}],"about":[{"href":"https:\/\/tvbox.md\/ro\/wp-json\/wp\/v2\/types\/product"}],"wp:featuredmedia":[{"embeddable":true,"href":"https:\/\/tvbox.md\/ro\/wp-json\/wp\/v2\/media\/7809"}],"wp:attachment":[{"href":"https:\/\/tvbox.md\/ro\/wp-json\/wp\/v2\/media?parent=8056"}],"wp:term":[{"taxonomy":"product_brand","embeddable":true,"href":"https:\/\/tvbox.md\/ro\/wp-json\/wp\/v2\/product_brand?post=8056"},{"taxonomy":"product_cat","embeddable":true,"href":"https:\/\/tvbox.md\/ro\/wp-json\/wp\/v2\/product_cat?post=8056"},{"taxonomy":"product_tag","embeddable":true,"href":"https:\/\/tvbox.md\/ro\/wp-json\/wp\/v2\/product_tag?post=8056"}],"curies":[{"name":"wp","href":"https:\/\/api.w.org\/{rel}","templated":true}]}}