{"id":8055,"date":"2021-12-16T19:27:26","date_gmt":"2021-12-16T17:27:26","guid":{"rendered":"https:\/\/tvbox.md\/?post_type=product&#038;p=8055"},"modified":"2022-12-23T05:48:38","modified_gmt":"2022-12-23T03:48:38","slug":"hk1-cool","status":"publish","type":"product","link":"https:\/\/tvbox.md\/ro\/cat\/hk1-cool\/","title":{"rendered":"HK1 COOL"},"content":{"rendered":"<p><strong>Principalele avantaje:<\/strong><\/p>\n<p>2 GB RAM 16 GB memorie intern\u0103, care v\u0103 permite s\u0103 \u00eenc\u0103rca\u021bi orice aplica\u021bie cu o vitez\u0103 fulger\u0103toare \u0219i s\u0103 comuta\u021bi rapid \u00eentre sarcinile \u00eenc\u0103rcate \u00een memorie<br \/>\nWiFi 802.11b\/g\/n 2,4 GHz<br \/>\nCip RK3229 cu procesor ARM Cortex-A53 cu 4 nuclee \u0219i accelerator video Mali 450 cu 5 nuclee<br \/>\nAndroid 8.1<br \/>\nSuport microSD de p\u00e2n\u0103 la 32 GB<br \/>\nSuport\u0103 U DISK \u0219i USB HDD de p\u00e2n\u0103 la 1TB<br \/>\nCompatibilitatea H.264-H.265 4096 x 2160 Ultra HD v\u0103 permite s\u0103 v\u0103 bucura\u021bi de filme 4K \u0219i 3D<br \/>\nSuport pentru tastatur\u0103 \u0219i mouse cu fir \u0219i f\u0103r\u0103 fir prin portul USB<\/p>\n<p><strong>Posibilitati:<\/strong><\/p>\n<p>Navigare cu drepturi depline pe Internet folosind browserul \u00eencorporat<br \/>\nViziona\u021bi online canale TV la calitate \u00eenalt\u0103, inclusiv la rezolu\u021bie HD<br \/>\nVizionarea de filme cu cinematografe online<br \/>\nAcces la re\u021belele sociale Facebook, Twitter \u0219i alte servicii online<br \/>\nInstalarea de jocuri \u0219i aplica\u021bii Android prin Play Market<\/p>\n<p>Vizionarea emisiunilor, emisiunilor TV, serialelor \u0219i filmelor preferate a devenit \u0219i mai confortabil\u0103. Media player-ul accept\u0103 video 4K \u0219i red\u0103 60 de cadre pe secund\u0103, datorit\u0103 c\u0103rora claritatea, netezimea \u0219i calitatea imaginii cresc semnificativ \u00een compara\u021bie cu FullHD obi\u0219nuit. De asemenea, este echipat cu tehnologii HDR, imagistice \u0219i video, a c\u0103ror gam\u0103 de luminozitate dep\u0103\u0219e\u0219te capacit\u0103\u021bile tehnologiilor standard.<\/p>\n<p><strong>Specifica\u021bii:<\/strong><\/p>\n<p>Cutia Smart TV Protech HK1 Mini 2GB\/16GB are o configura\u021bie de sistem bine echilibrat\u0103 &#8211; cutia se bazeaz\u0103 pe cipul RK3229 bine dovedit, care include un procesor ARM Cortex-A53 quad-core \u0219i un accelerator video Mali 450 cu cinci nuclee, care ofer\u0103 suport pentru redarea aproape a tuturor formatelor media cunoscute, cum ar fi H.264, H.265 etc.<br \/>\nProtech HK1 Mini are \u0219i cantitatea optim\u0103 de RAM \u0219i memorie intern\u0103 &#8211; 2 GB DDR3 + 16 GB EMMC, care, potrivit multor exper\u021bi, este cea mai reu\u0219it\u0103 combina\u021bie. Suficient spa\u021biu pentru a instala aplica\u021biile \u0219i jocurile tale preferate, care vor abunde datorit\u0103 sistemului de operare Android 8.1. \u00cen plus, set-top box-ul accept\u0103 carduri de memorie microSD de p\u00e2n\u0103 la 32 GB, precum \u0219i U DISK \u0219i USB HDD de p\u00e2n\u0103 la 1TB. \u00cen plus, utilizatorul are acces la Android Play Market, de unde pute\u021bi instala orice aplica\u021bie.<br \/>\nDintre capabilit\u0103\u021bile wireless, set-top box-ul accept\u0103 WiFi 802.11b\/g\/n 2.4GHz. Exist\u0103, de asemenea, un adaptor Ethernet cu o vitez\u0103 a portului de 100 Mbps.<br \/>\nTelecomand\u0103<br \/>\nProduc\u0103torul a lucrat la telecomand\u0103 nu numai \u00een ceea ce prive\u0219te designul, ci \u0219i ergonomia. Se potrive\u0219te confortabil \u00een m\u00e2n\u0103, butoanele sunt ap\u0103sate cu un clic clar. Aparatul este alimentat de dou\u0103 baterii AAA (nu sunt incluse).<br \/>\nInterfe\u021be de conectare<br \/>\nCorpul consolei con\u021bine sigla \u00een partea de sus. Avantajul este, de asemenea, un set bogat de interfe\u021be periferice, exist\u0103 2 conectori USB, o ie\u0219ire audio-video analogic\u0103 pentru conectarea televizoarelor vechi prin \u201elalele\u201d \u0219i un HDMI 2.0 complet pentru transferul de con\u021binut digital greu.<\/p>\n","protected":false},"excerpt":{"rendered":"<p>Cutia Smart TV HK1 Mini 2GB\/16GB este conceput\u0103 pentru timpul liber perfect. Set-top box-ul va g\u0103si ceva pentru a distra fiecare membru al familiei: canale TV, o bibliotec\u0103 video, internet, jocuri, aplica\u021bii, muzic\u0103, re\u021bele sociale \u0219i multe alte divertisment vor fi disponibile pe marele ecran al televizorului \u0219i absolut gratuit.<\/p>\n","protected":false},"featured_media":7821,"template":"","meta":[],"product_brand":[],"product_cat":[180],"product_tag":[314,287,297],"class_list":{"0":"post-8055","1":"product","2":"type-product","3":"status-publish","4":"has-post-thumbnail","6":"product_cat-mediaplayere","7":"product_tag-hk1-2","8":"product_tag-mediaplayere","9":"product_tag-set-top-box","11":"first","12":"onbackorder","13":"shipping-taxable","14":"product-type-simple"},"aioseo_notices":[],"_links":{"self":[{"href":"https:\/\/tvbox.md\/ro\/wp-json\/wp\/v2\/product\/8055","targetHints":{"allow":["GET"]}}],"collection":[{"href":"https:\/\/tvbox.md\/ro\/wp-json\/wp\/v2\/product"}],"about":[{"href":"https:\/\/tvbox.md\/ro\/wp-json\/wp\/v2\/types\/product"}],"wp:featuredmedia":[{"embeddable":true,"href":"https:\/\/tvbox.md\/ro\/wp-json\/wp\/v2\/media\/7821"}],"wp:attachment":[{"href":"https:\/\/tvbox.md\/ro\/wp-json\/wp\/v2\/media?parent=8055"}],"wp:term":[{"taxonomy":"product_brand","embeddable":true,"href":"https:\/\/tvbox.md\/ro\/wp-json\/wp\/v2\/product_brand?post=8055"},{"taxonomy":"product_cat","embeddable":true,"href":"https:\/\/tvbox.md\/ro\/wp-json\/wp\/v2\/product_cat?post=8055"},{"taxonomy":"product_tag","embeddable":true,"href":"https:\/\/tvbox.md\/ro\/wp-json\/wp\/v2\/product_tag?post=8055"}],"curies":[{"name":"wp","href":"https:\/\/api.w.org\/{rel}","templated":true}]}}