{"id":8047,"date":"2021-12-17T04:03:17","date_gmt":"2021-12-17T02:03:17","guid":{"rendered":"https:\/\/tvbox.md\/?post_type=product&#038;p=8047"},"modified":"2022-12-23T05:38:16","modified_gmt":"2022-12-23T03:38:16","slug":"ugoos-am7-4-32-gb","status":"publish","type":"product","link":"https:\/\/tvbox.md\/ro\/cat\/ugoos-am7-4-32-gb\/","title":{"rendered":"Ugoos AM7 4\/32 GB"},"content":{"rendered":"<p><strong>Specifica\u021bii<\/strong><\/p>\n<p>Consola se bazeaz\u0103 pe unul dintre cele mai bune procesoare de la \u00eenceputul lui 2021, quad-core Amlogic S905X4. Acest cip de siliciu func\u021bioneaz\u0103 la o frecven\u021b\u0103 de ceas destul de mare de 2,1 GHz, puterea sa va fi mai mult dec\u00e2t suficient\u0103 pentru jocuri solicitante, precum \u0219i pentru vizionarea videoclipurilor 4K cu o rat\u0103 stabil\u0103 de cadre de 60 FPS.<\/p>\n<p>Pentru a consolida puterea procesorului, produc\u0103torul a furnizat 4 gigaocte\u021bi de memorie RAM din cel mai recent format DDR4. Un astfel de pachet va demonstra performan\u021be bune \u00een programele solicitante, precum \u0219i atunci c\u00e2nd lucra\u021bi \u00een modul multitasking (lucrare simultan\u0103 cu mai multe aplica\u021bii).<\/p>\n<p>Memorie permanent\u0103 32 gigabytes, dar \u00een viitor este planificat\u0103 lansarea altor configura\u021bii ale set-top box-urilor smart TV Ugoos AM7 4\/64 \u0219i 4\/128 GB. Fiecare cump\u0103r\u0103tor va putea alege singur modificarea optim\u0103 cu un depozit de dimensiuni adecvate.<\/p>\n<p>Toate componentele hardware de mai sus ruleaz\u0103 pe sistemul de operare Android 10. Cea mai nou\u0103 \u0219i cea mai actual\u0103 versiune va fi acceptat\u0103 de Google \u00een urm\u0103torii c\u00e2\u021biva ani. Actualiz\u0103ri v\u0103 a\u0219teapt\u0103, precum \u0219i suport pentru toate aplica\u021biile noi din Play Market oficial\u0103!<\/p>\n<p><strong>Module wireless Ugoos AM7<\/strong><\/p>\n<p>S\u0103 trecem la cea mai puternic\u0103 latur\u0103 a casetei smart tv de la Ugoos &#8211; modulele wireless. To\u021bi iubitorii de Wi-Fi wireless vor fi mul\u021bumi\u021bi de modulul Wi-Fi 6 dual-band (cu tehnologii Mimo). Aceast\u0103 tehnologie s-a dovedit \u00een genera\u021bia anterioar\u0103 a set-top box-urilor Am6, motiv pentru care s-a decis s\u0103 o transfere pe noul dispozitiv. Datorit\u0103 celor dou\u0103 antene externe, cutia Android arat\u0103 cea mai bun\u0103 performan\u021b\u0103 \u00een teste dintre aproape toate boxele tv.<\/p>\n<p>Pentru iubitorii de periferice wireless, cutia TV are Bluetooth 5.0. Conexiune stabil\u0103 chiar \u0219i la distan\u021b\u0103 lung\u0103, ce mai ai nevoie pentru a controla cutia tv!<\/p>\n<p><strong>Proiecta<\/strong><\/p>\n<p>Corpul este alb, iese \u00een eviden\u021b\u0103 \u00een special pe fundalul tuturor celorlalte dispozitive negre Ugoos! Pe fe\u021bele laterale exist\u0103 porturi pentru conectarea la Internet, unit\u0103\u021bi externe, HDMI \u0219i multe altele, de care va avea nevoie chiar \u0219i cel mai sofisticat utilizator!<\/p>\n","protected":false},"excerpt":{"rendered":"<p>Ugoos AM7 este o nou\u0103 cutie smart TV de top de la produc\u0103torul cu acela\u0219i nume, care va \u00eenlocui treptat actualul flagship AM6 \u0219i toate modific\u0103rile acestuia!<\/p>\n","protected":false},"featured_media":7922,"template":"","meta":[],"product_brand":[],"product_cat":[180],"product_tag":[287,297,308],"class_list":{"0":"post-8047","1":"product","2":"type-product","3":"status-publish","4":"has-post-thumbnail","6":"product_cat-mediaplayere","7":"product_tag-mediaplayere","8":"product_tag-set-top-box","9":"product_tag-ugoos-2","11":"first","12":"onbackorder","13":"shipping-taxable","14":"product-type-simple"},"aioseo_notices":[],"_links":{"self":[{"href":"https:\/\/tvbox.md\/ro\/wp-json\/wp\/v2\/product\/8047","targetHints":{"allow":["GET"]}}],"collection":[{"href":"https:\/\/tvbox.md\/ro\/wp-json\/wp\/v2\/product"}],"about":[{"href":"https:\/\/tvbox.md\/ro\/wp-json\/wp\/v2\/types\/product"}],"wp:featuredmedia":[{"embeddable":true,"href":"https:\/\/tvbox.md\/ro\/wp-json\/wp\/v2\/media\/7922"}],"wp:attachment":[{"href":"https:\/\/tvbox.md\/ro\/wp-json\/wp\/v2\/media?parent=8047"}],"wp:term":[{"taxonomy":"product_brand","embeddable":true,"href":"https:\/\/tvbox.md\/ro\/wp-json\/wp\/v2\/product_brand?post=8047"},{"taxonomy":"product_cat","embeddable":true,"href":"https:\/\/tvbox.md\/ro\/wp-json\/wp\/v2\/product_cat?post=8047"},{"taxonomy":"product_tag","embeddable":true,"href":"https:\/\/tvbox.md\/ro\/wp-json\/wp\/v2\/product_tag?post=8047"}],"curies":[{"name":"wp","href":"https:\/\/api.w.org\/{rel}","templated":true}]}}