{"id":8045,"date":"2021-12-17T04:06:15","date_gmt":"2021-12-17T02:06:15","guid":{"rendered":"https:\/\/tvbox.md\/?post_type=product&#038;p=8045"},"modified":"2022-12-22T02:44:11","modified_gmt":"2022-12-22T00:44:11","slug":"ugoos-x3-plus-4-64gb-2","status":"publish","type":"product","link":"https:\/\/tvbox.md\/ro\/cat\/ugoos-x3-plus-4-64gb-2\/","title":{"rendered":"Ugoos X3 Plus 4\/64GB"},"content":{"rendered":"<p>Dezvoltatorul de software a oferit o fil\u0103 special\u0103 pentru configurarea gamepad-urilor conectate. Acum va fi \u0219i mai convenabil s\u0103 joci proiectele tale preferate. Dispozitivul verific\u0103 \u00een mod constant versiunea curent\u0103 de firmware prin Internet. Carcasa este actualizat\u0103 prin aer f\u0103r\u0103 interven\u021bia utilizatorului. Actualiz\u0103rile sunt efectuate automat. Set-top box ruleaz\u0103 Android 9.0 din cea mai recent\u0103 versiune, cu o interfa\u021b\u0103 adaptiv\u0103, vitez\u0103 ultra mare \u0219i un set de aplica\u021bii utile. Navigarea intuitiv\u0103 este conceput\u0103 pentru un confort maxim.<\/p>\n<p>Gadgetul poate gestiona cu u\u0219urin\u021b\u0103 desc\u0103rcarea fi\u0219ierelor 4K de pe YouTube sau orice alt serviciu de streaming. De asemenea, echipamentul reproduce f\u0103r\u0103 probleme clipuri \u0219i videoclipuri la 60 de cadre pe secund\u0103 de pe medii externe. X3 Pro accept\u0103 HDR, ceea ce face din set-top box o alegere ideal\u0103 pentru iubitorii de con\u021binut de calitate. Cu aceast\u0103 tehnologie, pute\u021bi \u00eembun\u0103t\u0103\u021bi semnificativ imaginea de pe ecranul televizorului \u0219i o pute\u021bi face mai contrast.<\/p>\n<p>Produc\u0103torul folose\u0219te memoria \u00eencorporat\u0103 a LPDDR4 de ultim\u0103 genera\u021bie cu o capacitate de 4GB. Acest lucru este suficient pentru a rula orice aplica\u021bie sau joc pe Android. X3 Pro vine cu un set de caracteristici implicite pe care al\u021bi produc\u0103tori de console nu le pot oferi. De exemplu, exist\u0103 un asistent pentru oglindirea ecranului, set\u0103ri r\u0103d\u0103cin\u0103, un program pentru monitorizarea componentelor hardware ale sistemului \u0219i set\u0103ri detaliate pentru redarea con\u021binutului media.<\/p>\n","protected":false},"excerpt":{"rendered":"<p>Ugoos X3 Plus este o cutie TV compact\u0103 de \u00eenalt\u0103 performan\u021b\u0103. Principalul plus este costul bugetar \u0219i caracteristicile tehnice excelente. Ugoos este alimentat de un procesor quad-core de \u00eenalt\u0103 performan\u021b\u0103 Amlogic S905X3.<\/p>\n","protected":false},"featured_media":7926,"template":"","meta":[],"product_brand":[],"product_cat":[180],"product_tag":[300,301,265],"class_list":{"0":"post-8045","1":"product","2":"type-product","3":"status-publish","4":"has-post-thumbnail","6":"product_cat-mediaplayere","7":"product_tag-mediaplayere-2","8":"product_tag-set-top-box-2","9":"product_tag-ugoos","11":"first","12":"onbackorder","13":"shipping-taxable","14":"product-type-simple"},"aioseo_notices":[],"_links":{"self":[{"href":"https:\/\/tvbox.md\/ro\/wp-json\/wp\/v2\/product\/8045","targetHints":{"allow":["GET"]}}],"collection":[{"href":"https:\/\/tvbox.md\/ro\/wp-json\/wp\/v2\/product"}],"about":[{"href":"https:\/\/tvbox.md\/ro\/wp-json\/wp\/v2\/types\/product"}],"wp:featuredmedia":[{"embeddable":true,"href":"https:\/\/tvbox.md\/ro\/wp-json\/wp\/v2\/media\/7926"}],"wp:attachment":[{"href":"https:\/\/tvbox.md\/ro\/wp-json\/wp\/v2\/media?parent=8045"}],"wp:term":[{"taxonomy":"product_brand","embeddable":true,"href":"https:\/\/tvbox.md\/ro\/wp-json\/wp\/v2\/product_brand?post=8045"},{"taxonomy":"product_cat","embeddable":true,"href":"https:\/\/tvbox.md\/ro\/wp-json\/wp\/v2\/product_cat?post=8045"},{"taxonomy":"product_tag","embeddable":true,"href":"https:\/\/tvbox.md\/ro\/wp-json\/wp\/v2\/product_tag?post=8045"}],"curies":[{"name":"wp","href":"https:\/\/api.w.org\/{rel}","templated":true}]}}