{"id":8043,"date":"2021-12-17T04:08:08","date_gmt":"2021-12-17T02:08:08","guid":{"rendered":"https:\/\/tvbox.md\/?post_type=product&#038;p=8043"},"modified":"2022-12-22T02:42:05","modified_gmt":"2022-12-22T00:42:05","slug":"ugoos-x3-pro-4-32-gb","status":"publish","type":"product","link":"https:\/\/tvbox.md\/ro\/cat\/ugoos-x3-pro-4-32-gb\/","title":{"rendered":"Ugoos X3 PRO 4\/32 GB"},"content":{"rendered":"<p>\u00cen ceea ce prive\u0219te func\u021bionalitatea, acest model este mai puternic dec\u00e2t televizoarele conven\u021bionale cu Smart TV \u00eencorporat. Pute\u021bi viziona filme, cinematografe, TV online (YouTV, SWEET.TV, Megogo, Kyivstar TV \u0219i altele), pute\u021bi citi \u0219tiri, IPTV, juca jocuri, youtube \u0219i multe altele pe care imagina\u021bia \u0219i posibilit\u0103\u021bile tale \u00ee\u021bi doresc.<\/p>\n<p>Set-top box-ul X3 Pro ruleaz\u0103 pe sistemul de operare Android 9.0. Firmware-ul din fabric\u0103 are o pia\u021b\u0103 Google Play preinstalat\u0103 pentru c\u0103utarea \u0219i instalarea de tot felul de aplica\u021bii pe Android. Cutia TV are suport pentru instalarea aplica\u021biilor din alte surse (Aptoide, site-uri ter\u021be, arhive de aplica\u021bii etc.). Avantajul lui X3 Pro, spre deosebire de versiunile reduse pentru televizoarele Smart TV, este accesul la o gam\u0103 larg\u0103 de con\u021binut gratuit \u0219i divers, precum \u0219i la versiuni complete de aplica\u021bii.<\/p>\n<p>Este instalat un procesor puternic, accelerator video Mali G31 de \u00eenalt\u0103 performan\u021b\u0103, care accept\u0103 multe formate de fi\u0219iere media cunoscute, video 4K Ultra HD, Full HD 1080p, video 3D, H.265 HEVC modern, formate de compresie VP9, \u200b\u200btehnologii HDR etc. Dispozitivul este echipat cu un port USB 3.0 rapid dac\u0103 dori\u021bi s\u0103 vizualiza\u021bi fi\u0219iere media de \u00eenalt\u0103 calitate de pe o unitate flash USB sau unit\u0103\u021bi externe.<\/p>\n<p>Pute\u021bi cump\u0103ra Ugoos X3 Pro Smart TV box din magazinul nostru online cu livrare \u0219i la un pre\u021b accesibil. Media player-ul Ugoos X3 Pro se conecteaz\u0103 la televizor printr-un port HDMI, cablul necesar este deja inclus. Este posibil s\u0103 conecta\u021bi dispozitivul at\u00e2t la televizoare moderne noi, c\u00e2t \u0219i la modele vechi f\u0103r\u0103 port HDMI &#8211; acest model de decodificator TV are o ie\u0219ire AV (trebuie doar s\u0103 cump\u0103ra\u021bi un cablu adaptor de la miniJack 3,5 mm la 3xRCA &#8211; trei &#8221; lalele&#8221;).<\/p>\n<p>Cutia inteligent\u0103 este conectat\u0103 la internet prin WiFi de mare vitez\u0103 de 2,4 GHz sau 5 GHz. O anten\u0103 exterioar\u0103 se adaug\u0103 destul de bine la raza de recep\u021bie. Dac\u0103 ave\u021bi disponibil un canal de internet gigabit, atunci ave\u021bi posibilitatea de a utiliza o conexiune prin cablu la portul LAN 10\/100\/1000 Mbps.<\/p>\n<p>Cutia TV are Bluetooth, datorit\u0103 c\u0103ruia pute\u021bi conecta un gamepad wireless, c\u0103\u0219ti, difuzoare audio \u0219i alte gadget-uri.<\/p>\n<p>Bonusul acestui model este sec\u021biunea Set\u0103ri X3 a cutiei smart TV X3 Pro. Are o func\u021bionalitate \u00een care utilizatorul poate gestiona o varietate de func\u021bii suplimentare, de exemplu, set\u0103ri de redare (cadru automat), set\u0103ri \u201eSuperuser\u201d (drepturi de r\u0103d\u0103cin\u0103), configurarea serverului de fi\u0219iere Samba \u0219i a clientului CIFS pentru acces wireless la memoria player-ului media sau la memoria unei unit\u0103\u021bi de re\u021bea din playerul media, panoul de informa\u021bii, accesul la aplica\u021bia pentru controlul playerului video de pe un smartphone, configurarea butoanelor joystick-ului \u0219i a unei telecomenzi suplimentare \u0219i multe altele.<\/p>\n<p><strong>\u00centreb\u0103ri frecvente pentru cump\u0103r\u0103tori:<\/strong><\/p>\n<p>1. Gama de lucru pe WiFi?<\/p>\n<p>Spre deosebire de telefoane \u0219i tablete, recep\u021bia WiFi pentru toate casetele TV este mai slab\u0103, a\u0219a c\u0103 dac\u0103 routerul se afl\u0103 \u00een spatele obstacolelor (pere\u021bi, u\u0219i etc.), se recomand\u0103 conectarea casetei TV printr-un cablu LAN.<\/p>\n<p>2. Ce vitez\u0103 de internet este necesar\u0103 pentru ca dispozitivul s\u0103 func\u021bioneze?<\/p>\n<p>Youtube \u0219i IPTV 720p HD gata de la 5 Mbps<\/p>\n<p>Youtube \u0219i IPTV 1080p Full HD de la 10 Mbps<\/p>\n<p>Youtube \u0219i IPTV 4K de la 40 Mbps<\/p>\n<p>Torrente 1080p Full HD de la 50 Mbps<\/p>\n<p>Torrente 4K de la 100 Mbps<\/p>\n<p>3. Dispozitivul accept\u0103 controlul vocal?<\/p>\n<p>Cutia TV accept\u0103 c\u0103utarea vocal\u0103, dar telecomanda nu vine cu microfon. \u00cen plus, pute\u021bi cump\u0103ra o arm\u0103 cu aer comprimat cu microfon din magazinul nostru online \u0219i v\u0103 pute\u021bi bucura din plin de capacitatea de a controla dispozitivul folosind comenzi vocale.<\/p>\n<p><strong>Specifica\u021bii<\/strong>:<\/p>\n<p>\u2022 Sistem de operare: Android 9<br \/>\n\u2022 Procesor: 4-core Amlogic S905X3 quad-core ARM\u00ae Cortex\u2122 A55<br \/>\n\u2022 GPU GPU: Davlin MP2 Mali-G31<br \/>\n\u2022 RAM: 4 GB DDR4<br \/>\n\u2022 ROM intern: 32GB EMMC<br \/>\n\u2022 Memorie suplimentar\u0103: dimensiunea maxim\u0103 a cardului de memorie &#8211; 64 GB, conexiune USB Flash sau hard disk<br \/>\n\u2022 Re\u021bea: WIFI 2.4GHz + 5GHz, Lan Ethernet p\u00e2n\u0103 la 1000Mbps<br \/>\n\u2022 Suport: Bluetooth<br \/>\n\u2022 Conectori: HDMI &#8211; 1 buc, USB 2.0 &#8211; 1 buc, USB 3.0 &#8211; 1 buc, MicroSD, AV-out (ie\u0219ire audio-video analogic\u0103), Ethernet 1000 Mbps, SPDIF, IR-in (pentru extensia portului IR) )<br \/>\n\u2022 Afi\u0219aj: 4K UHD, Full HD 1080p, HD 720p etc. Suport HDR<br \/>\n\u2022 Interfa\u021b\u0103 multilingv\u0103<\/p>\n<p><strong>Setul include:<\/strong><\/p>\n<p>\u2022 cutie TV<br \/>\n\u2022 Telecomanda IR (baterii nu sunt incluse, sunt necesare 2 buc\u0103\u021bi AAA)<br \/>\n\u2022 Alimentare electric\u0103<br \/>\n\u2022 Cablu HDMI<br \/>\n\u2022 Anten\u0103<br \/>\n\u2022 Extensie receptor IR<br \/>\n\u2022 Card de garantie<\/p>\n","protected":false},"excerpt":{"rendered":"<p>Ugoos X3 Pro face fa\u021b\u0103 f\u0103r\u0103 probleme aplica\u021biilor care necesit\u0103 resurse \u0219i jocurilor Android. are un procesor de mare vitez\u0103 cu 4 nuclee Amlogic S905X3, GPU ARM Mali-G31 (Dvalin), 4 GB DDR4 RAM \u0219i 32 GB memorie intern\u0103. Cine nu stie inca ce este un set-top box, atunci in termeni simpli este ca o tableta conectata la televizorul tau, unde acesta din urma actioneaza ca un monitor.<\/p>\n","protected":false},"featured_media":7683,"template":"","meta":[],"product_brand":[],"product_cat":[180],"product_tag":[287,297,308],"class_list":{"0":"post-8043","1":"product","2":"type-product","3":"status-publish","4":"has-post-thumbnail","6":"product_cat-mediaplayere","7":"product_tag-mediaplayere","8":"product_tag-set-top-box","9":"product_tag-ugoos-2","11":"first","12":"onbackorder","13":"shipping-taxable","14":"product-type-simple"},"aioseo_notices":[],"_links":{"self":[{"href":"https:\/\/tvbox.md\/ro\/wp-json\/wp\/v2\/product\/8043","targetHints":{"allow":["GET"]}}],"collection":[{"href":"https:\/\/tvbox.md\/ro\/wp-json\/wp\/v2\/product"}],"about":[{"href":"https:\/\/tvbox.md\/ro\/wp-json\/wp\/v2\/types\/product"}],"wp:featuredmedia":[{"embeddable":true,"href":"https:\/\/tvbox.md\/ro\/wp-json\/wp\/v2\/media\/7683"}],"wp:attachment":[{"href":"https:\/\/tvbox.md\/ro\/wp-json\/wp\/v2\/media?parent=8043"}],"wp:term":[{"taxonomy":"product_brand","embeddable":true,"href":"https:\/\/tvbox.md\/ro\/wp-json\/wp\/v2\/product_brand?post=8043"},{"taxonomy":"product_cat","embeddable":true,"href":"https:\/\/tvbox.md\/ro\/wp-json\/wp\/v2\/product_cat?post=8043"},{"taxonomy":"product_tag","embeddable":true,"href":"https:\/\/tvbox.md\/ro\/wp-json\/wp\/v2\/product_tag?post=8043"}],"curies":[{"name":"wp","href":"https:\/\/api.w.org\/{rel}","templated":true}]}}