{"id":8037,"date":"2021-12-17T04:22:24","date_gmt":"2021-12-17T02:22:24","guid":{"rendered":"https:\/\/tvbox.md\/?post_type=product&#038;p=8037"},"modified":"2022-12-22T02:30:45","modified_gmt":"2022-12-22T00:30:45","slug":"anycast-m4-plus","status":"publish","type":"product","link":"https:\/\/tvbox.md\/ro\/cat\/anycast-m4-plus\/","title":{"rendered":"AnyCast M4 Plus"},"content":{"rendered":"<p>Pentru a conecta dispozitivul, utiliza\u021bi cablul USB livrat \u00eempreun\u0103 cu kitul. Cablul poate fi conectat direct la televizor (dac\u0103 are ie\u0219ire USB), sau la \u00eenc\u0103rc\u0103tor (5V\/1A). Conecta\u021bi AnyCast M4 Plus la alimentare USB \u0219i apoi la televizor (monitor etc.) prin HDMI. Comuta\u021bi televizorul \u00een modul HDMI, va ap\u0103rea o fereastr\u0103 cu o selec\u021bie de mod &#8211; pentru iOS \u0219i Android \/ Windows. Apoi g\u0103si\u021bi re\u021beaua AnyCast M4 Plus \u00een smartphone-ul dvs. (tablet\u0103 etc.), conecta\u021bi-v\u0103 la ea, introduce\u021bi parola indicat\u0103 pe partea de sus a ecranului televizorului, iar afi\u0219ajul smartphone-ului dvs. este oglindit pe ecranul televizorului (\u00een instruc\u021biunile ata\u0219ate, totul este descris \u00een detaliu \u0219i \u00een detaliu). Parola este introdus\u0103 o dat\u0103, apoi dispozitivul se va conecta automat.<br \/>\nAparatul func\u021bioneaz\u0103 pe o raz\u0103 de 10 m, nu mai sunt necesare cabluri &#8211; totul este u\u0219or \u0219i convenabil!<\/p>\n<p><strong>Caracteristic\u0103:<\/strong><\/p>\n<p>Categoria dispozitivului: playere media HD<br \/>\nOS &#8211; LINUX 2.6 RAM &#8211; 128M DDR3, ROM &#8211; 128M HDMI &#8211; 1.3<br \/>\nDimensiuni, L x A x A: 72 x 35 x 12 mm<br \/>\nGreutate, kg: 0,09 kg<\/p>\n<p><strong>Echipament:<\/strong><br \/>\nPlayer media HDMI AnyCast M9 Plus cu modul Wi-Fi \u00eencorporat<br \/>\ncablu USB<br \/>\ncablu HDMI<br \/>\nManual de utilizare \u00een limba englez\u0103<br \/>\nPachet<\/p>\n","protected":false},"excerpt":{"rendered":"<p>Anycast M4 Plus Wireless Media Player este partenerul perfect pentru dispozitivele mobile de ast\u0103zi. Dispozitivul afi\u0219eaz\u0103 imagini, fotografii, videoclipuri de pe un smartphone, laptop, tablet\u0103, computer prin Wi-Fi pe ecranul televizorului.<\/p>\n","protected":false},"featured_media":7889,"template":"","meta":[],"product_brand":[],"product_cat":[180],"product_tag":[307,287,297],"class_list":{"0":"post-8037","1":"product","2":"type-product","3":"status-publish","4":"has-post-thumbnail","6":"product_cat-mediaplayere","7":"product_tag-anycast-2","8":"product_tag-mediaplayere","9":"product_tag-set-top-box","11":"first","12":"onbackorder","13":"shipping-taxable","14":"product-type-simple"},"aioseo_notices":[],"_links":{"self":[{"href":"https:\/\/tvbox.md\/ro\/wp-json\/wp\/v2\/product\/8037","targetHints":{"allow":["GET"]}}],"collection":[{"href":"https:\/\/tvbox.md\/ro\/wp-json\/wp\/v2\/product"}],"about":[{"href":"https:\/\/tvbox.md\/ro\/wp-json\/wp\/v2\/types\/product"}],"wp:featuredmedia":[{"embeddable":true,"href":"https:\/\/tvbox.md\/ro\/wp-json\/wp\/v2\/media\/7889"}],"wp:attachment":[{"href":"https:\/\/tvbox.md\/ro\/wp-json\/wp\/v2\/media?parent=8037"}],"wp:term":[{"taxonomy":"product_brand","embeddable":true,"href":"https:\/\/tvbox.md\/ro\/wp-json\/wp\/v2\/product_brand?post=8037"},{"taxonomy":"product_cat","embeddable":true,"href":"https:\/\/tvbox.md\/ro\/wp-json\/wp\/v2\/product_cat?post=8037"},{"taxonomy":"product_tag","embeddable":true,"href":"https:\/\/tvbox.md\/ro\/wp-json\/wp\/v2\/product_tag?post=8037"}],"curies":[{"name":"wp","href":"https:\/\/api.w.org\/{rel}","templated":true}]}}