{"id":8020,"date":"2021-12-17T04:54:33","date_gmt":"2021-12-17T02:54:33","guid":{"rendered":"https:\/\/tvbox.md\/?post_type=product&#038;p=8020"},"modified":"2022-12-22T02:15:01","modified_gmt":"2022-12-22T00:15:01","slug":"iptv-otv-android-infomir-mag-500a","status":"publish","type":"product","link":"https:\/\/tvbox.md\/ro\/cat\/iptv-otv-android-infomir-mag-500a\/","title":{"rendered":"IPTV\/OTV Android Infomir MAG 500A"},"content":{"rendered":"<p>Formate acceptate: TS, MTS, AVI, MPEG, MP4, MOV, MKV, M2TS, VOB, RM<br \/>\nRAM: 2 GB<br \/>\nRe\u021bea: Ethernet, Wi-Fi<br \/>\nOS: Android 9.0<br \/>\nCaracteristici: Suport IPTV, Suport OTT<br \/>\nRezolu\u021bie maxim\u0103: 4K Ultra HD (3840&#215;2160)<br \/>\nCategoria dispozitivului: playere media HD<br \/>\nIe\u0219iri video: HDMI<br \/>\nIntr\u0103ri \u0219i ie\u0219iri: RJ-45,USB<br \/>\nDisponibilitatea afi\u0219ajului: F\u0103r\u0103 afi\u0219are<\/p>\n","protected":false},"excerpt":{"rendered":"<p>O solu\u021bie rentabil\u0103 pentru proiectul dumneavoastr\u0103 IPTV\/OTT cu func\u021bionalitate maxim\u0103. MAG500A este un set-top box de baz\u0103 bazat pe chipsetul Broadcom \u0219i suport pentru modul de compresie HEVC. Dispozitivul func\u021bioneaz\u0103 rapid \u0219i cu \u00eenc\u0103rcare minim\u0103 de re\u021bea. Prezen\u021ba unei ie\u0219iri HDMI 1.4b v\u0103 va permite s\u0103 v\u0103 bucura\u021bi de videoclipuri de \u00eenalt\u0103 calitate.<\/p>\n","protected":false},"featured_media":7906,"template":"","meta":[],"product_brand":[],"product_cat":[180],"product_tag":[305,287,297],"class_list":{"0":"post-8020","1":"product","2":"type-product","3":"status-publish","4":"has-post-thumbnail","6":"product_cat-mediaplayere","7":"product_tag-mag-2","8":"product_tag-mediaplayere","9":"product_tag-set-top-box","11":"first","12":"onbackorder","13":"shipping-taxable","14":"product-type-simple"},"aioseo_notices":[],"_links":{"self":[{"href":"https:\/\/tvbox.md\/ro\/wp-json\/wp\/v2\/product\/8020","targetHints":{"allow":["GET"]}}],"collection":[{"href":"https:\/\/tvbox.md\/ro\/wp-json\/wp\/v2\/product"}],"about":[{"href":"https:\/\/tvbox.md\/ro\/wp-json\/wp\/v2\/types\/product"}],"wp:featuredmedia":[{"embeddable":true,"href":"https:\/\/tvbox.md\/ro\/wp-json\/wp\/v2\/media\/7906"}],"wp:attachment":[{"href":"https:\/\/tvbox.md\/ro\/wp-json\/wp\/v2\/media?parent=8020"}],"wp:term":[{"taxonomy":"product_brand","embeddable":true,"href":"https:\/\/tvbox.md\/ro\/wp-json\/wp\/v2\/product_brand?post=8020"},{"taxonomy":"product_cat","embeddable":true,"href":"https:\/\/tvbox.md\/ro\/wp-json\/wp\/v2\/product_cat?post=8020"},{"taxonomy":"product_tag","embeddable":true,"href":"https:\/\/tvbox.md\/ro\/wp-json\/wp\/v2\/product_tag?post=8020"}],"curies":[{"name":"wp","href":"https:\/\/api.w.org\/{rel}","templated":true}]}}