{"id":8018,"date":"2021-12-17T05:02:44","date_gmt":"2021-12-17T03:02:44","guid":{"rendered":"https:\/\/tvbox.md\/?post_type=product&#038;p=8018"},"modified":"2022-12-22T02:06:04","modified_gmt":"2022-12-22T00:06:04","slug":"iptv-ott-linux-mag-524","status":"publish","type":"product","link":"https:\/\/tvbox.md\/ro\/cat\/iptv-ott-linux-mag-524\/","title":{"rendered":"IPTV\/OTT Linux MAG 524"},"content":{"rendered":"<p><strong>Suport pentru HEVC \u0219i 4K HDR<\/strong><\/p>\n<p>Dispozitivul red\u0103 cu u\u0219urin\u021b\u0103 con\u021binut 4K \u0219i HDR la rate de cadre de p\u00e2n\u0103 la 60 fps.<br \/>\nSet-top box-ul accept\u0103 HEVC \u0219i alte codecuri moderne &#8211; acest lucru le permite operatorilor s\u0103 livreze con\u021binut de \u00eenalt\u0103 defini\u021bie chiar dac\u0103 vizualizatorul are o vitez\u0103 sc\u0103zut\u0103 a conexiunii la Internet.<\/p>\n<p><strong>Puternic chipset Amlogic<\/strong><\/p>\n<p>Noul chipset Amlogic S905X2 \u0219i procesorul ARM Cortex-A53 fac MAG524 cu 25% mai puternic dec\u00e2t genera\u021bia anterioar\u0103 de cutii Linux.<br \/>\nCon\u021binutul este redat f\u0103r\u0103 probleme, iar interfa\u021ba func\u021bioneaz\u0103 f\u0103r\u0103 \u00eent\u00e2rziere.<\/p>\n<p><strong>Sunet Dolby Digital Plus\u2122<\/strong><\/p>\n<p>Utilizatorii se bucur\u0103 de sunet de \u00eenalt\u0103 calitate pe sisteme audio moderne, sisteme home theater \u0219i televizoare.<br \/>\nSunetul surround pur cufund\u0103 privitorul \u00een centrul evenimentelor \u0219i creeaz\u0103 senza\u021bia de a fi \u00eentr-un film, serial sau emisiune TV.<\/p>\n<p><strong>Parametrii<\/strong><\/p>\n<p>Dimensiuni (l\/d\/h), mm115x115x28<\/p>\n<p>Greutate, g170<\/p>\n<p>Hardware<\/p>\n<p>Chipset Amlogic S905X2<\/p>\n<p>Procesor Quad-core ARM Cortex-A53, 1900 MHz<\/p>\n<p>Performan\u021b\u0103 18.400 DMIPS<\/p>\n<p>RAM 1 GB DDR3<\/p>\n<p>Flash eMMC de 4 GB<\/p>\n<p>Sistem de operare Linux 4.9<\/p>\n<p>Interfe\u021be externe<\/p>\n<p>HDMI 2.1, Ethernet 100 Mbps, USB 3.0 \u00d7 1, USB 2.0 \u00d7 1<\/p>\n<p><strong>Surse de con\u021binut media<\/strong><\/p>\n<p>Dispozitive PC sau NAS \u00een re\u021bea, difuzare multimedia (RTSP, RTP, UDP, IGMP, HTTP), dispozitive USB<\/p>\n<p><strong>Audio \u0219i video<\/strong><\/p>\n<p>Codecuri audio MPEG L1\/L2\/L3l, AAC-LC, HE AAC V1\/V2, APE, FLAC, Dolby Digital Plus\u2122<\/p>\n<p>Formate audio AC3, ACC, APE, FLAC, M4A, MP3, OGG, WAV<\/p>\n<p>Moduri video PAL, NTSC, 576p, 720p, 1080p, 1080i, 2160p (4K)<\/p>\n<p>Codecuri video MPEG1\/2 MP@HL, MPEG4 partea 2 (ASP), H.265 Main\/Main 10@L5.1 High 2160p@60 fps (op\u021bional), H.264 AVC High@L5.1 2160p@30 fps, XviD, suport video 3D<\/p>\n<p>Containere video TS, AVI, MPEG, MP4, MOV, MKV, M2TS, VOB<\/p>\n<p>Formate de imagine JPEG, PNG, BMP, RAW<\/p>\n<p>Subtitr\u0103ri DVB, PGS, SRT, SSA\/ASS, SUB, Teletext, WebVtt, Subtitr\u0103ri \u00eenchise<\/p>\n<p>Lista de redare formate M3U, M3U8, PLS, CUE<\/p>\n<p><strong>Echipamente<\/strong><\/p>\n<p>Set-top box MAG524, manual de utilizare, cablu HDMI, alimentare 5 V 2 A, telecomand\u0103, 2 baterii AAA, ambalaj.<\/p>\n","protected":false},"excerpt":{"rendered":"<p>MAG524 este un dispozitiv fiabil \u0219i productiv.<br \/>\nSet-top box-ul este proiectat s\u0103 func\u021bioneze luni de zile f\u0103r\u0103 repornire.<br \/>\nOperatorilor le este u\u0219or s\u0103 \u00ee\u0219i personalizeze interfa\u021ba \u0219i s\u0103 \u00ee\u0219i dezvolte aplica\u021biile.<\/p>\n","protected":false},"featured_media":7903,"template":"","meta":[],"product_brand":[],"product_cat":[180],"product_tag":[305,287,297],"class_list":{"0":"post-8018","1":"product","2":"type-product","3":"status-publish","4":"has-post-thumbnail","6":"product_cat-mediaplayere","7":"product_tag-mag-2","8":"product_tag-mediaplayere","9":"product_tag-set-top-box","11":"first","12":"onbackorder","13":"shipping-taxable","14":"product-type-simple"},"aioseo_notices":[],"_links":{"self":[{"href":"https:\/\/tvbox.md\/ro\/wp-json\/wp\/v2\/product\/8018","targetHints":{"allow":["GET"]}}],"collection":[{"href":"https:\/\/tvbox.md\/ro\/wp-json\/wp\/v2\/product"}],"about":[{"href":"https:\/\/tvbox.md\/ro\/wp-json\/wp\/v2\/types\/product"}],"wp:featuredmedia":[{"embeddable":true,"href":"https:\/\/tvbox.md\/ro\/wp-json\/wp\/v2\/media\/7903"}],"wp:attachment":[{"href":"https:\/\/tvbox.md\/ro\/wp-json\/wp\/v2\/media?parent=8018"}],"wp:term":[{"taxonomy":"product_brand","embeddable":true,"href":"https:\/\/tvbox.md\/ro\/wp-json\/wp\/v2\/product_brand?post=8018"},{"taxonomy":"product_cat","embeddable":true,"href":"https:\/\/tvbox.md\/ro\/wp-json\/wp\/v2\/product_cat?post=8018"},{"taxonomy":"product_tag","embeddable":true,"href":"https:\/\/tvbox.md\/ro\/wp-json\/wp\/v2\/product_tag?post=8018"}],"curies":[{"name":"wp","href":"https:\/\/api.w.org\/{rel}","templated":true}]}}