{"id":8013,"date":"2021-12-17T05:15:31","date_gmt":"2021-12-17T03:15:31","guid":{"rendered":"https:\/\/tvbox.md\/?post_type=product&#038;p=8013"},"modified":"2022-12-21T23:43:08","modified_gmt":"2022-12-21T21:43:08","slug":"x88-king-amlogic-922x-4-128-gb","status":"publish","type":"product","link":"https:\/\/tvbox.md\/ro\/cat\/x88-king-amlogic-922x-4-128-gb\/","title":{"rendered":"X88 King Amlogic 922X 4\/128 GB"},"content":{"rendered":"<p>Procesorul este proiectat pentru cutii Android TV de \u00eenalt\u0103 performan\u021b\u0103. Amlogic S922X este cel mai tare cip care a venit dup\u0103 \u00eendr\u0103gitul S912, acest procesor are o configura\u021bie Hexa Core cu 4 nuclee Cortex-A73 \u0219i alte dou\u0103 nuclee Cortex-A53 cu putere redus\u0103, puternicul GPU Mali-G52 MP6 fiind responsabil de grafic\u0103. Are suport HDMI 2.1 care este capabil de 4K @ 75fps. De asemenea, este compatibil cu mai multe sisteme de securitate DRM, USB 3.0, stocare p\u00e2n\u0103 la eMMC 5.0, Gigabit Ethernet \u0219i suport pentru opt canale audio simultan.<\/p>\n<p>\u00cen sec\u021biunea grafic\u0103, avem un puternic boost de putere \u00een GPU, deoarece este acum integrat \u00een Mali-G52 MP6 tactat la p\u00e2n\u0103 la 800MHz, fabricat \u00een tehnologie de 16nm, cu mult superioar\u0103 precedentului Mali-T820 MP3 \u00een procesorul S912. \u00cen sec\u021biunea video, exist\u0103 acum un standard de modulare a imaginii Advanced Video Engine Gen10, care v\u0103 permite s\u0103 converti\u021bi aproape toate formatele cu HDR.<\/p>\n<p><strong>Caracteristicile lui X88 King<\/strong><br \/>\nProcesor AMlogic S922X<br \/>\nOS Android 9.0<br \/>\nNum\u0103r de nuclee de procesor 6 nuclee<br \/>\nGPU ARM Mali-G52 MP6, compatibil cu OpenGL ES 3.2, Vulkan 1.0<br \/>\nRAM 4 GB<br \/>\nRAM tip LPDDR4<br \/>\nMemorie incorporata 128 GB<br \/>\nFormate video HDR+. Tehnologia de \u00eembun\u0103t\u0103\u021bire a imaginii.; 4K UHD, Full HD 1080p, HD 720p etc.; video 3D.<br \/>\nWIFI dual band WiFi 2.4GHz + 5.8GHz<br \/>\nLAN da<br \/>\nBluetooth Bluetooth 5.0<br \/>\nIe\u0219irea AV este<br \/>\nNum\u0103r de porturi USB 1 * USB 3.0. 1 * USB 2.0<br \/>\nPorturi 1 * HDMI. 1*SPDIF. 1*LAN RJ45. 1 * USB 3.0. 1 * USB 2.0. 1 * slot pentru card micro SD. 1 * port de alimentare DC.<\/p>\n","protected":false},"excerpt":{"rendered":"<p>Smart TV box X88 King Amlogic 922X 4\/128 Gb este cea mai bun\u0103 op\u021biune pentru jocuri. Hardware-ul puternic v\u0103 permite s\u0103 juca\u021bi cu u\u0219urin\u021b\u0103 cele mai grele jocuri Android. Acest model are totul la bord pentru asta &#8211; un puternic procesor Amlogic 922X, acest nou chipset este un model cu 4 procesoare ARM Cortex-A73 + 2 RAM Cortex-A53 \u0219i o plac\u0103 grafic\u0103 ARM GPU Mali-G52 MP6, VPU are \u00eencorporat suport pentru H. 265 \u0219i VP9 p\u00e2n\u0103 la 4K @ 75fps cu suport HDR de ultim\u0103 genera\u021bie.<\/p>\n","protected":false},"featured_media":7954,"template":"","meta":[],"product_brand":[],"product_cat":[180],"product_tag":[287,297,303],"class_list":{"0":"post-8013","1":"product","2":"type-product","3":"status-publish","4":"has-post-thumbnail","6":"product_cat-mediaplayere","7":"product_tag-mediaplayere","8":"product_tag-set-top-box","9":"product_tag-x88-2","11":"first","12":"onbackorder","13":"shipping-taxable","14":"product-type-simple"},"aioseo_notices":[],"_links":{"self":[{"href":"https:\/\/tvbox.md\/ro\/wp-json\/wp\/v2\/product\/8013","targetHints":{"allow":["GET"]}}],"collection":[{"href":"https:\/\/tvbox.md\/ro\/wp-json\/wp\/v2\/product"}],"about":[{"href":"https:\/\/tvbox.md\/ro\/wp-json\/wp\/v2\/types\/product"}],"wp:featuredmedia":[{"embeddable":true,"href":"https:\/\/tvbox.md\/ro\/wp-json\/wp\/v2\/media\/7954"}],"wp:attachment":[{"href":"https:\/\/tvbox.md\/ro\/wp-json\/wp\/v2\/media?parent=8013"}],"wp:term":[{"taxonomy":"product_brand","embeddable":true,"href":"https:\/\/tvbox.md\/ro\/wp-json\/wp\/v2\/product_brand?post=8013"},{"taxonomy":"product_cat","embeddable":true,"href":"https:\/\/tvbox.md\/ro\/wp-json\/wp\/v2\/product_cat?post=8013"},{"taxonomy":"product_tag","embeddable":true,"href":"https:\/\/tvbox.md\/ro\/wp-json\/wp\/v2\/product_tag?post=8013"}],"curies":[{"name":"wp","href":"https:\/\/api.w.org\/{rel}","templated":true}]}}