{"id":8012,"date":"2021-12-17T05:23:18","date_gmt":"2021-12-17T03:23:18","guid":{"rendered":"https:\/\/tvbox.md\/?post_type=product&#038;p=8012"},"modified":"2022-12-21T23:38:07","modified_gmt":"2022-12-21T21:38:07","slug":"x88-pro-10-2-16-gb-2","status":"publish","type":"product","link":"https:\/\/tvbox.md\/ro\/cat\/x88-pro-10-2-16-gb-2\/","title":{"rendered":"X88 Pro 10 2\/16 GB"},"content":{"rendered":"<p>X88 Pro 10 are Wi-Fi dual-band \u0219i Bluetooth 4.0. Pe p\u0103r\u021bile laterale ale cutiei exist\u0103 un port USB 3.0, USB 2.0, un conector de re\u021bea 10\/100 Mbps, un conector AV analogic, o ie\u0219ire audio optic\u0103 SPDIF \u0219i un port HDMI 2.0 care accept\u0103 video de p\u00e2n\u0103 la 4K 60 de cadre per al doilea.<\/p>\n<p>Con\u021binutul pachetului X88 Pro 10<br \/>\nSet-top box inteligent;<br \/>\nInstruire;<br \/>\nAlimentare pentru 5V si 2A;<br \/>\ncablu HDMI;<br \/>\nTelecomanda cu infrarosu.<\/p>\n","protected":false},"excerpt":{"rendered":"<p>Smart TV Box X88 Pro 10 este alimentat de un procesor RockchipRK3318 cu 4 nuclee ARM Cortex-A53 tactate la 1,5GHz \u0219i GPU Mali-450mp5. X88 Pro 10 RK3318 este o alt\u0103 cutie TV genial\u0103 care ruleaz\u0103 pe cele mai recente platforme Android 11. Cutia inteligent\u0103 are 2 GB RAM + 16 GB stocare pentru fi\u0219iere \u0219i programe. Suportul Wifi2.4\/5.0GHz dual band asigur\u0103 streaming video f\u0103r\u0103 probleme.<\/p>\n","protected":false},"featured_media":7956,"template":"","meta":[],"product_brand":[],"product_cat":[180],"product_tag":[300,301,270],"class_list":{"0":"post-8012","1":"product","2":"type-product","3":"status-publish","4":"has-post-thumbnail","6":"product_cat-mediaplayere","7":"product_tag-mediaplayere-2","8":"product_tag-set-top-box-2","9":"product_tag-x88","11":"first","12":"onbackorder","13":"shipping-taxable","14":"product-type-simple"},"aioseo_notices":[],"_links":{"self":[{"href":"https:\/\/tvbox.md\/ro\/wp-json\/wp\/v2\/product\/8012","targetHints":{"allow":["GET"]}}],"collection":[{"href":"https:\/\/tvbox.md\/ro\/wp-json\/wp\/v2\/product"}],"about":[{"href":"https:\/\/tvbox.md\/ro\/wp-json\/wp\/v2\/types\/product"}],"wp:featuredmedia":[{"embeddable":true,"href":"https:\/\/tvbox.md\/ro\/wp-json\/wp\/v2\/media\/7956"}],"wp:attachment":[{"href":"https:\/\/tvbox.md\/ro\/wp-json\/wp\/v2\/media?parent=8012"}],"wp:term":[{"taxonomy":"product_brand","embeddable":true,"href":"https:\/\/tvbox.md\/ro\/wp-json\/wp\/v2\/product_brand?post=8012"},{"taxonomy":"product_cat","embeddable":true,"href":"https:\/\/tvbox.md\/ro\/wp-json\/wp\/v2\/product_cat?post=8012"},{"taxonomy":"product_tag","embeddable":true,"href":"https:\/\/tvbox.md\/ro\/wp-json\/wp\/v2\/product_tag?post=8012"}],"curies":[{"name":"wp","href":"https:\/\/api.w.org\/{rel}","templated":true}]}}