{"id":8011,"date":"2021-12-17T05:25:38","date_gmt":"2021-12-17T03:25:38","guid":{"rendered":"https:\/\/tvbox.md\/?post_type=product&#038;p=8011"},"modified":"2022-12-21T23:34:42","modified_gmt":"2022-12-21T21:34:42","slug":"x88-smart-2","status":"publish","type":"product","link":"https:\/\/tvbox.md\/ro\/cat\/x88-smart-2\/","title":{"rendered":"X88 Smart"},"content":{"rendered":"<p>Android 9.0<\/p>\n<p>X88 Smart este unul dintre primele cutii TV care ruleaz\u0103 pe Android 9.0. Aceast\u0103 actualizare de software ofer\u0103 o experien\u021b\u0103 excelent\u0103 pentru utilizator \u0219i o performan\u021b\u0103 stabil\u0103.<\/p>\n<p>DDR3 4GB RAM + eMMC 32GB<\/p>\n<p>4 GB RAM face jocul mai fluid, iar utilizarea eMMC de 32 GB ofer\u0103 multe beneficii \u00een ceea ce prive\u0219te securitatea \u0219i fiabilitatea performan\u021bei, rezult\u00e2nd o experien\u021b\u0103 mai bogat\u0103 pentru utilizatorul final.<\/p>\n<p>WiFi 2.4G<\/p>\n<p>Cu suport WiFi de 2,4 Ghz, poate transfera cantit\u0103\u021bi mari de date.<\/p>\n<p>Player media 4K adev\u0103rat<\/p>\n<p>\u00cen timp ce caseta media media poate accepta doar redare video 1080P, acest gadget red\u0103 videoclipuri 4K din aproape orice surs\u0103 la care v\u0103 pute\u021bi g\u00e2ndi. \u00cen plus, folose\u0219te decodarea hardware VP9 \u00eempreun\u0103 cu H.265 pentru a face fantezia s\u0103 devin\u0103 realitate.<\/p>\n","protected":false},"excerpt":{"rendered":"<p>X88 Smart este unul dintre primele modele echipate cu Rockchip RK3328. Cu cel mai recent SoC Rockchip, X88 Smart va putea reda videoclipuri 4K cu codecuri H.265, H.264 \u0219i VP9.<\/p>\n","protected":false},"featured_media":7887,"template":"","meta":[],"product_brand":[],"product_cat":[180],"product_tag":[300,301,270],"class_list":{"0":"post-8011","1":"product","2":"type-product","3":"status-publish","4":"has-post-thumbnail","6":"product_cat-mediaplayere","7":"product_tag-mediaplayere-2","8":"product_tag-set-top-box-2","9":"product_tag-x88","11":"first","12":"onbackorder","13":"shipping-taxable","14":"product-type-simple"},"aioseo_notices":[],"_links":{"self":[{"href":"https:\/\/tvbox.md\/ro\/wp-json\/wp\/v2\/product\/8011","targetHints":{"allow":["GET"]}}],"collection":[{"href":"https:\/\/tvbox.md\/ro\/wp-json\/wp\/v2\/product"}],"about":[{"href":"https:\/\/tvbox.md\/ro\/wp-json\/wp\/v2\/types\/product"}],"wp:featuredmedia":[{"embeddable":true,"href":"https:\/\/tvbox.md\/ro\/wp-json\/wp\/v2\/media\/7887"}],"wp:attachment":[{"href":"https:\/\/tvbox.md\/ro\/wp-json\/wp\/v2\/media?parent=8011"}],"wp:term":[{"taxonomy":"product_brand","embeddable":true,"href":"https:\/\/tvbox.md\/ro\/wp-json\/wp\/v2\/product_brand?post=8011"},{"taxonomy":"product_cat","embeddable":true,"href":"https:\/\/tvbox.md\/ro\/wp-json\/wp\/v2\/product_cat?post=8011"},{"taxonomy":"product_tag","embeddable":true,"href":"https:\/\/tvbox.md\/ro\/wp-json\/wp\/v2\/product_tag?post=8011"}],"curies":[{"name":"wp","href":"https:\/\/api.w.org\/{rel}","templated":true}]}}