{"id":8008,"date":"2021-12-17T05:28:59","date_gmt":"2021-12-17T03:28:59","guid":{"rendered":"https:\/\/tvbox.md\/?post_type=product&#038;p=8008"},"modified":"2022-12-21T23:32:29","modified_gmt":"2022-12-21T21:32:29","slug":"x88-pro-20-8-64-gb","status":"publish","type":"product","link":"https:\/\/tvbox.md\/ro\/cat\/x88-pro-20-8-64-gb\/","title":{"rendered":"X88 Pro 20 8\/64 GB"},"content":{"rendered":"<p>X88 Pro 20 ruleaz\u0103 pe sistemul de operare Android 11. Vine cu Google Play Store \u0219i alte aplica\u021bii preinstalate. Este posibil s\u0103 instala\u021bi \u0219i s\u0103 c\u0103uta\u021bi aplica\u021bii din alte surse. Vrei s\u0103 te ui\u021bi la filmul sau serialul preferat, indiferent de programul? De bun\u0103 calitate, la un moment convenabil? Cump\u0103ra\u021bi media player X88 Pro 20 8\/64 GB \u0219i instala\u021bi aplica\u021bii pentru vizionarea canalelor TV prin Internet (YouTV, SWEET.TV, Megogo, Oll.tv \u0219i altele) sau \u00een cinematografe online \u0219i viziona\u021bi cu pl\u0103cere. Mai mult, pute\u021bi juca numeroase jocuri, pute\u021bi conecta joystick-uri, tastaturi sau \u0219oareci la acesta pentru a lucra \u0219i a v\u0103 relaxa \u00een timpul liber.<\/p>\n<p>Po\u021bi cump\u0103ra Smart TV box X88 Pro 20 8\/64 GB din magazinul nostru online cu livrare \u0219i la un pre\u021b accesibil. Media player-ul X88 Pro 20 se conecteaz\u0103 la televizor printr-un port HDMI, cablul necesar este deja inclus. X88 Pro 20 8\/64 GB poate reda videoclipuri 4K.<\/p>\n<p>Cutia inteligent\u0103 este conectat\u0103 la internet prin WiFi de mare vitez\u0103 de 2,4 GHz sau 5 GHz. Dac\u0103 ave\u021bi disponibil un canal de internet gigabit, atunci ave\u021bi posibilitatea de a utiliza o conexiune prin cablu la portul LAN 10\/100\/1000 Mbps.<\/p>\n<p>Cutia TV are Bluetooth, datorit\u0103 c\u0103ruia pute\u021bi conecta un gamepad wireless, c\u0103\u0219ti, difuzoare audio \u0219i alte gadget-uri.<\/p>\n<p>Pe panoul frontal al carcasei playerului media X88 Pro 20 8\/64 GB se afl\u0103 un afi\u0219aj care arat\u0103 ora \u0219i diverse st\u0103ri (Wi-Fi, HDMI, micro SD, conexiune USB).<\/p>\n<p>Capacitatea acestei memorie poate fi extinsa cu un card de memorie micro SD. \u00cen plus, nu uita\u021bi c\u0103 orice stocare de date poate fi conectat\u0103 la set-top box, chiar \u0219i hard disk-uri externe. Pentru a vizualiza fi\u0219iere media de pe medii externe (carduri de memorie, unit\u0103\u021bi flash, unit\u0103\u021bi externe SSD HDD etc.), pute\u021bi utiliza portul USB 2.0 sau USB 3.0 \u00eencorporat.<\/p>\n<p><strong>\u00centreb\u0103ri frecvente pentru cump\u0103r\u0103tori:<\/strong><\/p>\n<p>1. Gama de lucru pe WiFi?<\/p>\n<p>Spre deosebire de telefoane \u0219i tablete, recep\u021bia WiFi pentru toate casetele TV este mai slab\u0103, a\u0219a c\u0103 dac\u0103 routerul se afl\u0103 \u00een spatele obstacolelor (pere\u021bi, u\u0219i etc.), se recomand\u0103 conectarea casetei TV printr-un cablu LAN.<\/p>\n<p>2. Ce vitez\u0103 de internet este necesar\u0103 pentru ca dispozitivul s\u0103 func\u021bioneze?<\/p>\n<p>Youtube \u0219i IPTV 720p HD gata de la 5 Mbps<\/p>\n<p>Youtube \u0219i IPTV 1080p Full HD de la 10 Mbps<\/p>\n<p>Youtube \u0219i IPTV 4K de la 40 Mbps<\/p>\n<p>Torrente 1080p Full HD de la 50 Mbps<\/p>\n<p>Torrente 4K de la 100 Mbps<\/p>\n<p>3. Dispozitivul accept\u0103 controlul vocal?<\/p>\n<p>Cutia TV accept\u0103 c\u0103utarea vocal\u0103. Telecomanda vine cu microfon.<\/p>\n<p><strong>Specifica\u021bii:<\/strong><\/p>\n<p>\u2022 Sistem de operare: Android 11<br \/>\n\u2022 Procesor: 4-core Rockchip RK3566 64bit quad core ARM\u00ae Cortex\u2122 A55<br \/>\n\u2022 GPU GPU: ARM Mali-G52<br \/>\n\u2022 RAM: 8 GB<br \/>\n\u2022 ROM intern: 64GB EMMC<br \/>\n\u2022 Memorie suplimentar\u0103: dimensiunea maxim\u0103 a cardului de memorie &#8211; 64 GB, conexiune USB Flash sau hard disk<br \/>\n\u2022 Re\u021bea: WIFI 2.4GHz + 5GHz, Lan Ethernet p\u00e2n\u0103 la 1000Mbps<br \/>\n\u2022 Suport: Bluetooth<br \/>\n\u2022 Conectori: HDMI &#8211; 1 buc, USB 2.0 &#8211; 1 buc, USB 3.0 &#8211; 1 buc, MicroSD, Ethernet 1000 Mbps, SPDIF<br \/>\n\u2022 Afi\u0219aj: 4K UHD 60fps, Full HD 1080p, HD 720p etc. Suport HDR<br \/>\n\u2022 Interfa\u021b\u0103 multilingv\u0103 (ucrainean\u0103, rus\u0103, englez\u0103 \u0219i altele)<\/p>\n<p><strong>Setul include:<\/strong><\/p>\n<p>\u2022 cutie TV<br \/>\n\u2022 Telecomanda cu microfon (baterii nu sunt incluse, sunt necesare 2 buc AAA)<br \/>\n\u2022 Alimentare electric\u0103<br \/>\n\u2022 Cablu HDMI<br \/>\n\u2022 Card de garantie<\/p>\n","protected":false},"excerpt":{"rendered":"<p>X88 Pro 20 TV Box este disponibil \u00een trei versiuni: 4\/32 GB, 8\/64 GB \u0219i 8\/128 GB. X88 Pro 20 8\/64 GB are procesor quad-core Rockchip RK3566 64bit Cortex A-55, GPU ARM Mali-G52, 8 GB RAM \u0219i 64 GB memorie intern\u0103. Dispozitivul v\u0103 va transforma televizorul obi\u0219nuit \u00eentr-un Smart TV cu acces la internet de mare vitez\u0103. Cine nu stie inca ce este un set-top box, atunci in termeni simpli este ca o tableta conectata la televizorul tau, unde acesta din urma actioneaza ca un monitor.<\/p>\n","protected":false},"featured_media":7959,"template":"","meta":[],"product_brand":[],"product_cat":[180],"product_tag":[287,297,303],"class_list":{"0":"post-8008","1":"product","2":"type-product","3":"status-publish","4":"has-post-thumbnail","6":"product_cat-mediaplayere","7":"product_tag-mediaplayere","8":"product_tag-set-top-box","9":"product_tag-x88-2","11":"first","12":"onbackorder","13":"shipping-taxable","14":"product-type-simple"},"aioseo_notices":[],"_links":{"self":[{"href":"https:\/\/tvbox.md\/ro\/wp-json\/wp\/v2\/product\/8008","targetHints":{"allow":["GET"]}}],"collection":[{"href":"https:\/\/tvbox.md\/ro\/wp-json\/wp\/v2\/product"}],"about":[{"href":"https:\/\/tvbox.md\/ro\/wp-json\/wp\/v2\/types\/product"}],"wp:featuredmedia":[{"embeddable":true,"href":"https:\/\/tvbox.md\/ro\/wp-json\/wp\/v2\/media\/7959"}],"wp:attachment":[{"href":"https:\/\/tvbox.md\/ro\/wp-json\/wp\/v2\/media?parent=8008"}],"wp:term":[{"taxonomy":"product_brand","embeddable":true,"href":"https:\/\/tvbox.md\/ro\/wp-json\/wp\/v2\/product_brand?post=8008"},{"taxonomy":"product_cat","embeddable":true,"href":"https:\/\/tvbox.md\/ro\/wp-json\/wp\/v2\/product_cat?post=8008"},{"taxonomy":"product_tag","embeddable":true,"href":"https:\/\/tvbox.md\/ro\/wp-json\/wp\/v2\/product_tag?post=8008"}],"curies":[{"name":"wp","href":"https:\/\/api.w.org\/{rel}","templated":true}]}}