{"id":7990,"date":"2021-12-17T06:04:00","date_gmt":"2021-12-17T04:04:00","guid":{"rendered":"https:\/\/tvbox.md\/?post_type=product&#038;p=7990"},"modified":"2022-12-21T23:01:42","modified_gmt":"2022-12-21T21:01:42","slug":"vontar-tanix-tx6-4-32-gb","status":"publish","type":"product","link":"https:\/\/tvbox.md\/ro\/cat\/vontar-tanix-tx6-4-32-gb\/","title":{"rendered":"VONTAR Tanix TX6 4\/32 GB"},"content":{"rendered":"<p>Set-top box-ul ruleaz\u0103 pe sistemul de operare Android 9. O caracteristic\u0103 important\u0103 a set-top box-ului este capacitatea de a-l folosi ca punct de acces WiFi, de ex. prin conectarea cutiei cu un cablu, aceasta poate fi folosit\u0103 \u00een modul router.<\/p>\n<p>Corpul set-top box-ului este completat cu un afi\u0219aj care arat\u0103 modul de func\u021bionare al set-top box-ului (de la LAN sau de la WiFi), iar afi\u0219ajul arat\u0103 \u0219i timpul exact pe care \u00eel ia set-top box-ul de la Internet.<\/p>\n<p>Cutia TV are Bluetooth 5.0, ceea ce face posibil\u0103 conectarea joystick-urilor, sistemelor audio, c\u0103\u0219tilor \u0219i altor dispozitive. De asemenea, pute\u021bi conecta orice tastatur\u0103 \u0219i mouse USB (inclusiv cele f\u0103r\u0103 fir) la TX6 TV Box \u0219i s\u0103 utiliza\u021bi set-top box-ul pentru navigarea pe internet (browserul Google Chrome v\u0103 va ajuta \u00een acest sens). O alt\u0103 caracteristic\u0103 a acestui set-top box este prezen\u021ba USB 3.0.<\/p>\n<p>Pute\u021bi viziona TV prin Internet, cinematografe online, precum \u0219i s\u0103 v\u0103 diversifica\u021bi timpul liber cu jocuri \u0219i multe altele.<\/p>\n","protected":false},"excerpt":{"rendered":"<p>TX6 Smart TV Box este alimentat de procesorul Allwinner H6, are 4 GB RAM \u0219i 32 GB memorie intern\u0103. Pute\u021bi conecta Internetul la TX6 prin WiFi (suport pentru frecven\u021be 2.4G) sau direct printr-un cablu LAN (p\u00e2n\u0103 la 100 Mbps).<\/p>\n","protected":false},"featured_media":7944,"template":"","meta":[],"product_brand":[],"product_cat":[180],"product_tag":[287,297,299],"class_list":{"0":"post-7990","1":"product","2":"type-product","3":"status-publish","4":"has-post-thumbnail","6":"product_cat-mediaplayere","7":"product_tag-mediaplayere","8":"product_tag-set-top-box","9":"product_tag-vontar-2","11":"first","12":"onbackorder","13":"shipping-taxable","14":"product-type-simple"},"aioseo_notices":[],"_links":{"self":[{"href":"https:\/\/tvbox.md\/ro\/wp-json\/wp\/v2\/product\/7990","targetHints":{"allow":["GET"]}}],"collection":[{"href":"https:\/\/tvbox.md\/ro\/wp-json\/wp\/v2\/product"}],"about":[{"href":"https:\/\/tvbox.md\/ro\/wp-json\/wp\/v2\/types\/product"}],"wp:featuredmedia":[{"embeddable":true,"href":"https:\/\/tvbox.md\/ro\/wp-json\/wp\/v2\/media\/7944"}],"wp:attachment":[{"href":"https:\/\/tvbox.md\/ro\/wp-json\/wp\/v2\/media?parent=7990"}],"wp:term":[{"taxonomy":"product_brand","embeddable":true,"href":"https:\/\/tvbox.md\/ro\/wp-json\/wp\/v2\/product_brand?post=7990"},{"taxonomy":"product_cat","embeddable":true,"href":"https:\/\/tvbox.md\/ro\/wp-json\/wp\/v2\/product_cat?post=7990"},{"taxonomy":"product_tag","embeddable":true,"href":"https:\/\/tvbox.md\/ro\/wp-json\/wp\/v2\/product_tag?post=7990"}],"curies":[{"name":"wp","href":"https:\/\/api.w.org\/{rel}","templated":true}]}}