{"id":7985,"date":"2021-12-18T00:42:38","date_gmt":"2021-12-17T22:42:38","guid":{"rendered":"https:\/\/tvbox.md\/?post_type=product&#038;p=7985"},"modified":"2022-12-21T22:42:17","modified_gmt":"2022-12-21T20:42:17","slug":"openbox-a6","status":"publish","type":"product","link":"https:\/\/tvbox.md\/ro\/cat\/openbox-a6\/","title":{"rendered":"OPENBOX A6"},"content":{"rendered":"<p>Media player-ul se bazeaz\u0103 pe sistemul de operare Android 7.0 cu carcas\u0103 grafic\u0103 Nougat, care a fost creat special pentru un televizor, proiector \u0219i alte dispozitive similare. Datorit\u0103 optimiz\u0103rii bune, Openbox A6 red\u0103 videoclipuri 4K de \u00eenalt\u0103 defini\u021bie la 60 de cadre pe secund\u0103. Func\u021bionarea lin\u0103, r\u0103spunsul rapid la ap\u0103sare \u0219i absen\u021ba oric\u0103ror \u00eenghe\u021buri fac ca func\u021bionarea playerului media s\u0103 fie pl\u0103cut\u0103 \u0219i confortabil\u0103. Datorit\u0103 adaptorului Wi-Fi \u00eencorporat, Openbox A6 UHD v\u0103 permite s\u0103 desc\u0103rca\u021bi aplica\u021bii \u0219i jocuri cu un singur clic prin Play Market preinstalat. Aplica\u021biile preferate YouTube, IPTV, Megogo, browsere, jocuri online \u0219i multe altele sunt acum pe televizorul t\u0103u! Mii de programe \u0219i jocuri pot fi desc\u0103rcate pe cardul SD, pentru care exist\u0103 un slot \u00een playerul media. De asemenea, are Bluetooth 4.1 \u00eencorporat, care v\u0103 permite s\u0103 conecta\u021bi dispozitive f\u0103r\u0103 fir cu confort \u0219i simplitate maxim\u0103. C\u0103\u0219tile wireless, \u0219oarecii, tastaturile, \u0219oarecii de aer \u0219i multe altele sunt acceptate \u00een Openbox A6 UHD. O caracteristic\u0103 important\u0103 este suportul adaptoarelor USB DVB-T2.<\/p>\n<p>Pe panoul frontal, playerul media are un indicator LED al modului de operare \u0219i un senzor de receptor pentru telecomand\u0103. Pe laterale sunt dou\u0103 porturi USB, dintre care unul 3.0. Pe spate exist\u0103 o ie\u0219ire digital\u0103 HDMI, Ethernet LAN, un slot pentru card de memorie, o ie\u0219ire audio optic\u0103 SPD \/ F \u0219i un port pentru conectarea unui receptor de comand\u0103 IR extern. Receptorul vine cu media player-ul \u0219i serve\u0219te pentru un semnal ne\u00eentrerupt \u00een cazul \u00een care media player-ul este ascuns \u00een spatele televizorului. Setul vine cu o telecomand\u0103 de \u00eenv\u0103\u021bare care poate fi folosit\u0103 \u00een locul unei telecomenzi standard pentru televizor.<\/p>\n<p>Openbox A6 UHD este realizat din plastic de \u00eenalt\u0103 calitate \u00eentr-o carcas\u0103 neagr\u0103 clasic\u0103.<\/p>\n<p><strong>Particularitati:<\/strong><\/p>\n<p>Procesor nou \u0219i puternic Hisilicon Hi3798MV200<br \/>\nOS Android 7.0 Nougat<br \/>\nSuport pentru videoclipuri 4K la 60 de cadre pe secund\u0103<br \/>\nNoul format de difuzare H.265 (HEVC)<br \/>\nWi-Fi \u0219i Bluetooth \u00eencorporate<br \/>\nSlot MicroSD pentru extinderea memoriei interne<br \/>\nPlay Market preinstalat<br \/>\nMii de jocuri diferite cu suport pentru controler de joc (FlyMouse, Game Pad)<br \/>\nRecep\u021bie complet\u0103 a transmisiilor TV terestre DVB-T\/T2 (op\u021bional prin adaptor USB: Openbox\u00ae USB-T2)<br \/>\n\u00cenv\u0103\u021barea telecomenzii<\/p>\n<p>Pachetul include: 1. Openbox A6 UHD media player. 2. \u00cenv\u0103\u021barea telecomenzii. 3. Receptor IR extern. 4. Cablu HDMI. 5. Alimentare. 6. Instruire.<\/p>\n","protected":false},"excerpt":{"rendered":"<p>Openbox A6 1\/8 GB UHD 4K &amp; nbsp; &#8211; un nou player media de la un produc\u0103tor binecunoscut care accept\u0103 formatul video 4K. Openbox A6 UHD este alimentat de procesorul quad-core Hisilicon Hi3798MV200 de \u00eenalt\u0103 performan\u021b\u0103 al Huawei. Cantitatea de RAM este de 1 GB.<\/p>\n","protected":false},"featured_media":7912,"template":"","meta":[],"product_brand":[],"product_cat":[180],"product_tag":[287,298,297],"class_list":{"0":"post-7985","1":"product","2":"type-product","3":"status-publish","4":"has-post-thumbnail","6":"product_cat-mediaplayere","7":"product_tag-mediaplayere","8":"product_tag-openbox-2","9":"product_tag-set-top-box","11":"first","12":"onbackorder","13":"shipping-taxable","14":"product-type-simple"},"aioseo_notices":[],"_links":{"self":[{"href":"https:\/\/tvbox.md\/ro\/wp-json\/wp\/v2\/product\/7985","targetHints":{"allow":["GET"]}}],"collection":[{"href":"https:\/\/tvbox.md\/ro\/wp-json\/wp\/v2\/product"}],"about":[{"href":"https:\/\/tvbox.md\/ro\/wp-json\/wp\/v2\/types\/product"}],"wp:featuredmedia":[{"embeddable":true,"href":"https:\/\/tvbox.md\/ro\/wp-json\/wp\/v2\/media\/7912"}],"wp:attachment":[{"href":"https:\/\/tvbox.md\/ro\/wp-json\/wp\/v2\/media?parent=7985"}],"wp:term":[{"taxonomy":"product_brand","embeddable":true,"href":"https:\/\/tvbox.md\/ro\/wp-json\/wp\/v2\/product_brand?post=7985"},{"taxonomy":"product_cat","embeddable":true,"href":"https:\/\/tvbox.md\/ro\/wp-json\/wp\/v2\/product_cat?post=7985"},{"taxonomy":"product_tag","embeddable":true,"href":"https:\/\/tvbox.md\/ro\/wp-json\/wp\/v2\/product_tag?post=7985"}],"curies":[{"name":"wp","href":"https:\/\/api.w.org\/{rel}","templated":true}]}}