{"id":7982,"date":"2021-12-21T22:27:04","date_gmt":"2021-12-21T20:27:04","guid":{"rendered":"https:\/\/tvbox.md\/?post_type=product&#038;p=7982"},"modified":"2022-12-21T22:35:32","modified_gmt":"2022-12-21T20:35:32","slug":"ukc-u3-s905w","status":"publish","type":"product","link":"https:\/\/tvbox.md\/ro\/cat\/ukc-u3-s905w\/","title":{"rendered":"UKC U3 S905W"},"content":{"rendered":"<p>Cutia TV accept\u0103 modul 3D. De asemenea, v\u0103 va permite s\u0103 rula\u021bi jocuri 3D \u00eenc\u0103p\u0103toare. Se conecteaz\u0103 prin WiFi (suport\u0103 frecven\u021be de 2,4+5 GHz) sau direct prin cablu Lan (p\u00e2n\u0103 la 100 Mbps).<\/p>\n<p>Set-top box ruleaz\u0103 pe sistemul de operare Android 9.1. O caracteristic\u0103 important\u0103 este capacitatea de a utiliza ca punct de acces WiFi, de ex. prin conectarea cutiei cu un cablu, aceasta poate fi folosit\u0103 \u00een modul router.<\/p>\n<p>Are Bluetooth 4.2, care face posibil\u0103 conectarea joystick-urilor, sistemelor audio, c\u0103\u0219tilor \u0219i altor dispozitive. De asemenea, pute\u021bi conecta orice tastatur\u0103 \u0219i mouse USB (inclusiv cele f\u0103r\u0103 fir) la set-top box \u0219i s\u0103 utiliza\u021bi set-top box-ul pentru navigarea pe internet.<\/p>\n<p>Pe l\u00e2ng\u0103 ie\u0219irea HDMI, set-top box-ul are o ie\u0219ire AV, adic\u0103. cu ajutorul unui adaptor la \u201elalele\u201d po\u021bi \u201ereanima\u201d un televizor vechi \u0219i s\u0103 faci din el un centru media.<\/p>\n<p><strong>Specifica\u021bii:<\/strong><\/p>\n<p>Dotare: IPTV, Smart TV, acces la internet<br \/>\nGPU: Mali-450MP3<br \/>\nSistem: Android 9.1<br \/>\nCPU: Rockchip RK3318<br \/>\nRAM: 2 GB<br \/>\nMemorie \u00eencorporat\u0103: 16 GB<br \/>\nSuport card de memorie: p\u00e2n\u0103 la 64 GB<br \/>\nWIFI: 2.4+5GHz<br \/>\nBluetooth: Bluetooth 4.2<br \/>\nLAN: p\u00e2n\u0103 la 100 Mbps<br \/>\nSuport Miracast<br \/>\nDecodor: decodor video 4K VP9, \u200b\u200bdecodor video H.265\/H.264 1080P alte decodore video (VC-1, MPEG-1\/2\/4, VP6\/8)<br \/>\nFormat video: Avi\/Ts\/Vob\/Mkv\/Mov\/ISO\/wmv\/asf\/flv\/dat\/mpg\/mpeg<br \/>\nFormate audio: MP3\/WMA\/AAC\/WAV\/OGG\/DDP\/HD\/FLAC\/APE<br \/>\nFormat foto: HD JPEG\/BMP\/GIF\/PNG\/TIFF<br \/>\nInterfe\u021be: Hdmi, slot pentru card microSD, Lan, Usb 2.0, Usb 3.0, AV Out, DC PowerPort<\/p>\n","protected":false},"excerpt":{"rendered":"<p>Smart TV U3 S905W este alimentat de procesorul Rockchip RK3318, are 2 GB RAM \u0219i 16 GB memorie intern\u0103. Datorit\u0103 GPU-ului Mali-450MP3, dispozitivul poate reda cu u\u0219urin\u021b\u0103 filme Full HD 1080P, Ultra HD Smart (4K), precum \u0219i videoclipuri Hdr.<\/p>\n","protected":false},"featured_media":7934,"template":"","meta":[],"product_brand":[],"product_cat":[180],"product_tag":[287,297,296],"class_list":{"0":"post-7982","1":"product","2":"type-product","3":"status-publish","4":"has-post-thumbnail","6":"product_cat-mediaplayere","7":"product_tag-mediaplayere","8":"product_tag-set-top-box","9":"product_tag-ukc-2","11":"first","12":"onbackorder","13":"shipping-taxable","14":"product-type-simple"},"aioseo_notices":[],"_links":{"self":[{"href":"https:\/\/tvbox.md\/ro\/wp-json\/wp\/v2\/product\/7982","targetHints":{"allow":["GET"]}}],"collection":[{"href":"https:\/\/tvbox.md\/ro\/wp-json\/wp\/v2\/product"}],"about":[{"href":"https:\/\/tvbox.md\/ro\/wp-json\/wp\/v2\/types\/product"}],"wp:featuredmedia":[{"embeddable":true,"href":"https:\/\/tvbox.md\/ro\/wp-json\/wp\/v2\/media\/7934"}],"wp:attachment":[{"href":"https:\/\/tvbox.md\/ro\/wp-json\/wp\/v2\/media?parent=7982"}],"wp:term":[{"taxonomy":"product_brand","embeddable":true,"href":"https:\/\/tvbox.md\/ro\/wp-json\/wp\/v2\/product_brand?post=7982"},{"taxonomy":"product_cat","embeddable":true,"href":"https:\/\/tvbox.md\/ro\/wp-json\/wp\/v2\/product_cat?post=7982"},{"taxonomy":"product_tag","embeddable":true,"href":"https:\/\/tvbox.md\/ro\/wp-json\/wp\/v2\/product_tag?post=7982"}],"curies":[{"name":"wp","href":"https:\/\/api.w.org\/{rel}","templated":true}]}}