{"id":7981,"date":"2021-12-18T00:49:47","date_gmt":"2021-12-17T22:49:47","guid":{"rendered":"https:\/\/tvbox.md\/?post_type=product&#038;p=7981"},"modified":"2022-12-21T22:38:49","modified_gmt":"2022-12-21T20:38:49","slug":"ukc-x3-s905w","status":"publish","type":"product","link":"https:\/\/tvbox.md\/ro\/cat\/ukc-x3-s905w\/","title":{"rendered":"UKC X3 S905W"},"content":{"rendered":"<p>Set-top box-ul are to\u021bi conectorii necesari pentru func\u021bionarea dispozitivului pe 2 p\u0103r\u021bi: HDMI, cititor de carduri microSD, conectori Lan, Usb 2.0, Usb 3.0, precum \u0219i AV Out \u0219i DC PowerPort.<\/p>\n<p>Un astfel de prefix poate fi folosit ca punct de acces pentru o re\u021bea Wi-fi. Pentru a face acest lucru, trebuie s\u0103 conecta\u021bi set-top box-ul cu un cablu de re\u021bea.<\/p>\n<p><strong>Caracteristici cheie:<\/strong><\/p>\n<p>Are un procesor Rockchip RK3318 \u0219i un GPU Mali-450MP3, astfel \u00eenc\u00e2t s\u0103 pute\u021bi reda videoclipuri, fotografii \u0219i audio rapid \u0219i de bun\u0103 calitate.<br \/>\nSuport\u0103 module Wi-Fi \u0219i Bluetooth 4.2, ceea ce face posibil\u0103 nu numai vizualizarea fi\u0219ierelor media de pe cardurile de memorie, ci \u0219i vizualizarea lor online.<br \/>\nCompatibil cu sistemul de operare Android 9.0 \u0219i, de asemenea, accept\u0103 IPTV, Smart TV \u0219i Miracast.<br \/>\nAre un tip de control f\u0103r\u0103 fir folosind o telecomand\u0103, ceea ce va face lucrul cu dispozitivul \u0219i mai u\u0219or \u0219i mai rapid.<br \/>\nCutia smart TV are 4 gigabytes de RAM, 32 de gigabytes de memorie intern\u0103.<\/p>\n","protected":false},"excerpt":{"rendered":"<p>Smart TV Box UKC X3 S905W 4\/32GB este o alegere excelenta pentru cei care apreciaza multifunctionalitatea. Cu acest set-top box, pute\u021bi reda oricare dintre filmele dvs. la calitate Full HD \u0219i Ultra HD, pute\u021bi conecta toate dispozitivele necesare la televizor.<\/p>\n","protected":false},"featured_media":7936,"template":"","meta":[],"product_brand":[],"product_cat":[180],"product_tag":[287,297,296],"class_list":{"0":"post-7981","1":"product","2":"type-product","3":"status-publish","4":"has-post-thumbnail","6":"product_cat-mediaplayere","7":"product_tag-mediaplayere","8":"product_tag-set-top-box","9":"product_tag-ukc-2","11":"first","12":"onbackorder","13":"shipping-taxable","14":"product-type-simple"},"aioseo_notices":[],"_links":{"self":[{"href":"https:\/\/tvbox.md\/ro\/wp-json\/wp\/v2\/product\/7981","targetHints":{"allow":["GET"]}}],"collection":[{"href":"https:\/\/tvbox.md\/ro\/wp-json\/wp\/v2\/product"}],"about":[{"href":"https:\/\/tvbox.md\/ro\/wp-json\/wp\/v2\/types\/product"}],"wp:featuredmedia":[{"embeddable":true,"href":"https:\/\/tvbox.md\/ro\/wp-json\/wp\/v2\/media\/7936"}],"wp:attachment":[{"href":"https:\/\/tvbox.md\/ro\/wp-json\/wp\/v2\/media?parent=7981"}],"wp:term":[{"taxonomy":"product_brand","embeddable":true,"href":"https:\/\/tvbox.md\/ro\/wp-json\/wp\/v2\/product_brand?post=7981"},{"taxonomy":"product_cat","embeddable":true,"href":"https:\/\/tvbox.md\/ro\/wp-json\/wp\/v2\/product_cat?post=7981"},{"taxonomy":"product_tag","embeddable":true,"href":"https:\/\/tvbox.md\/ro\/wp-json\/wp\/v2\/product_tag?post=7981"}],"curies":[{"name":"wp","href":"https:\/\/api.w.org\/{rel}","templated":true}]}}