{"id":8320,"date":"2022-11-28T20:06:03","date_gmt":"2022-11-28T18:06:03","guid":{"rendered":"https:\/\/tvbox.md\/?page_id=8320"},"modified":"2023-01-05T12:46:10","modified_gmt":"2023-01-05T10:46:10","slug":"conditiile-de-confidentialitate","status":"publish","type":"page","link":"https:\/\/tvbox.md\/ro\/conditiile-de-confidentialitate\/","title":{"rendered":"Conditiile de Confidentialitate"},"content":{"rendered":"<h2 style=\"text-align: center;\">Conditiile de Confidentialitate<\/h2>\n<ul>\n<li>Site-ul web tvbox.md poate procesa \u0219i\/sau utiliza informa\u021biile pe care le furniza\u021bi pentru a v\u0103 procesa solicitarea.<br \/>\nPrin completarea formularului de pe site, accepta\u021bi necondi\u021bionat ca aceste date s\u0103 fie transferate la utilizarea \u0219i prelucrarea datelor de c\u0103tre angaja\u021bi, servicii de livrare, inclusiv pentru:<br \/>\n\u2022 verificarea cererilor depuse de dumneavoastr\u0103;<br \/>\n\u2022 facturare pentru bunurile comandate de dumneavoastr\u0103;<br \/>\n\u2022 asigurarea livr\u0103rii m\u0103rfurilor comandate;<\/li>\n<li>Sunt prelucrate urm\u0103toarele categorii de date cu caracter personal: numele \u0219i prenumele; Num\u0103r de telefon; adresa (locul de re\u0219edin\u021b\u0103\/re\u0219edin\u021ba);<\/li>\n<li>Istoricul aplica\u021biilor este stocat timp de 14 zile, dup\u0103 care este \u0219ters.<\/li>\n<li>La utilizarea cookie-urilor, vor fi colectate urm\u0103toarele date: adresa IP; data \u0219i ora intr\u0103rii; numele paginii; sesiune ID Adresa URL de referin\u021b\u0103 (de la care a\u021bi ajuns la pagina noastr\u0103 web); cantitatea de date transmise; versiunea browser; sistem de operare.<\/li>\n<li>\u00cen conformitate cu legea nr. 133\/08.07.2011 Cu privire la protec\u021bia datelor cu caracter personal, tvbox.md garanteaz\u0103 protec\u021bia maxim\u0103 a datelor cu caracter personal ale clien\u021bilor \u00eempotriva distrugerii, modific\u0103rii, bloc\u0103rii, copierii, distribuirii, precum \u0219i a altor ac\u021biuni ilegale care pot pune \u00een pericol drepturile clientului.<\/li>\n<li>Astfel, tvbox.md prelucreaz\u0103 datele numai \u00een scopurile specificate.<\/li>\n<li>Clien\u021bii beneficiaz\u0103 de drepturile prev\u0103zute de Legea nr. 133\/08.07.2011 privind protec\u021bia datelor cu caracter personal, respectiv dreptul la informare, acces la date, dreptul de interven\u021bie, dreptul de opozi\u021bie, dreptul de a nu depinde de deciziile individuale, dreptul de a se adresa justi\u021biei \u00een caz de \u00eenc\u0103lcarea drepturilor sale.<\/li>\n<li>Clien\u021bii au dreptul de a solicita \u0219tergerea complet\u0103 sau par\u021bial\u0103 a datelor cu caracter personal, precum \u0219i a contului de utilizator. Clientul poate exercita oricare dintre drepturile de mai sus prin transmiterea unei cereri scrise la adresa de email a proprietarului ip@tvbox.md.<\/li>\n<li>Refuzul de a furniza astfel de date face imposibil\u0103 \u00eendeplinirea comenzilor.<\/li>\n<li>Folosim m\u0103suri de securitate, precum \u0219i politicile interne ale angaja\u021bilor, pentru a proteja datele pe care le furniza\u021bi care v\u0103 pot identifica sau nu direct sau indirect.<\/li>\n<\/ul>\n","protected":false},"excerpt":{"rendered":"<p>Conditiile de Confidentialitate Site-ul web tvbox.md poate procesa \u0219i\/sau utiliza informa\u021biile pe care le furniza\u021bi pentru a v\u0103 procesa solicitarea.<\/p>\n","protected":false},"author":1,"featured_media":0,"parent":0,"menu_order":0,"comment_status":"closed","ping_status":"closed","template":"","meta":{"footnotes":""},"class_list":["post-8320","page","type-page","status-publish","hentry"],"aioseo_notices":[],"_links":{"self":[{"href":"https:\/\/tvbox.md\/ro\/wp-json\/wp\/v2\/pages\/8320","targetHints":{"allow":["GET"]}}],"collection":[{"href":"https:\/\/tvbox.md\/ro\/wp-json\/wp\/v2\/pages"}],"about":[{"href":"https:\/\/tvbox.md\/ro\/wp-json\/wp\/v2\/types\/page"}],"author":[{"embeddable":true,"href":"https:\/\/tvbox.md\/ro\/wp-json\/wp\/v2\/users\/1"}],"replies":[{"embeddable":true,"href":"https:\/\/tvbox.md\/ro\/wp-json\/wp\/v2\/comments?post=8320"}],"version-history":[{"count":0,"href":"https:\/\/tvbox.md\/ro\/wp-json\/wp\/v2\/pages\/8320\/revisions"}],"wp:attachment":[{"href":"https:\/\/tvbox.md\/ro\/wp-json\/wp\/v2\/media?parent=8320"}],"curies":[{"name":"wp","href":"https:\/\/api.w.org\/{rel}","templated":true}]}}