{"id":8279,"date":"2022-11-28T21:49:46","date_gmt":"2022-11-28T19:49:46","guid":{"rendered":"https:\/\/tvbox.md\/?page_id=8279"},"modified":"2023-01-05T10:52:19","modified_gmt":"2023-01-05T08:52:19","slug":"top-promotii","status":"publish","type":"page","link":"https:\/\/tvbox.md\/ro\/top-promotii\/","title":{"rendered":"Top promotii"},"content":{"rendered":"<p>&nbsp;<\/p>\n<aside id=\"text-5\" class=\"block-border widget widget_text\">\n<div class=\"textwidget\">\n&nbsp;<\/p>\n<h2 style=\"text-align: center;\"><span style=\"color: #ff0000;\">10% reducere pentru orice al doilea dispozitiv dintr-o singur\u0103 comand\u0103<\/span><\/h2>\n<h2 style=\"text-align: center;\"><span style=\"color: #339966;\">10% reducere la set-top box TV cu telecomand\u0103\/air mouse<\/span><\/h2>\n<p>&nbsp;<\/p>\n<\/div>\n<\/aside>\n<p>&nbsp;<\/p>\n<p>[instagram-feed feed=1]<\/p>\n","protected":false},"excerpt":{"rendered":"<p>&nbsp; &nbsp; 10% reducere pentru orice al doilea dispozitiv dintr-o singur\u0103 comand\u0103 10% reducere la set-top box TV cu telecomand\u0103\/air<\/p>\n","protected":false},"author":1,"featured_media":0,"parent":0,"menu_order":0,"comment_status":"closed","ping_status":"closed","template":"page-templates\/homepage.php","meta":{"footnotes":""},"class_list":["post-8279","page","type-page","status-publish","hentry"],"aioseo_notices":[],"_links":{"self":[{"href":"https:\/\/tvbox.md\/ro\/wp-json\/wp\/v2\/pages\/8279","targetHints":{"allow":["GET"]}}],"collection":[{"href":"https:\/\/tvbox.md\/ro\/wp-json\/wp\/v2\/pages"}],"about":[{"href":"https:\/\/tvbox.md\/ro\/wp-json\/wp\/v2\/types\/page"}],"author":[{"embeddable":true,"href":"https:\/\/tvbox.md\/ro\/wp-json\/wp\/v2\/users\/1"}],"replies":[{"embeddable":true,"href":"https:\/\/tvbox.md\/ro\/wp-json\/wp\/v2\/comments?post=8279"}],"version-history":[{"count":0,"href":"https:\/\/tvbox.md\/ro\/wp-json\/wp\/v2\/pages\/8279\/revisions"}],"wp:attachment":[{"href":"https:\/\/tvbox.md\/ro\/wp-json\/wp\/v2\/media?parent=8279"}],"curies":[{"name":"wp","href":"https:\/\/api.w.org\/{rel}","templated":true}]}}